{"id":90874,"date":"2023-02-28T14:19:51","date_gmt":"2023-02-28T13:19:51","guid":{"rendered":"https:\/\/immomediterraneo.immo\/sobre-nosotros\/"},"modified":"2023-06-24T14:21:27","modified_gmt":"2023-06-24T12:21:27","slug":"sobre-nosotros","status":"publish","type":"page","link":"https:\/\/immomediterraneo.immo\/es\/sobre-nosotros\/","title":{"rendered":"Sobre nosotros"},"content":{"rendered":"<section class=\"wpb-content-wrapper\"><p>[vc_row gap=&#8221;35&#8243; css=&#8221;.vc_custom_1683037153403{padding-top: 2rem !important;padding-bottom: 2rem !important;}&#8221;][vc_column width=&#8221;7\/12&#8243;][vc_column_text]<\/p>\n<h2>\u00bfPor qu\u00e9 acuden los clientes a immo mediterraneo?<\/h2>\n<p>Nos encontramos con que muchas personas se enfrentan a menudo CON LOS MISMOS PROBLEMAS y por lo tanto vienen A NOSOTROS porque ellos;<\/p>\n<ol>\n<li>se decepcionan al verse empujados a decidir r\u00e1pidamente.<\/li>\n<li>preocuparse por si compran con seguridad en Espa\u00f1a porque no se menciona la posibilidad de trabajar con un abogado<\/li>\n<li>desilusionados porque no se sienten a gusto en la regi\u00f3n donde compraron su casa porque no se dedic\u00f3 suficiente tiempo a conocerla.<\/li>\n<\/ol>\n<p><strong>\u00bfLe suena familiar?<\/strong>[\/vc_column_text][\/vc_column][vc_column width=&#8221;5\/12&#8243;][vc_single_image image=&#8221;201305&#8243; img_size=&#8221;large&#8221;][\/vc_column][\/vc_row][vc_row gap=&#8221;35&#8243; css=&#8221;.vc_custom_1683037133062{padding-top: 2rem !important;padding-bottom: 2rem !important;}&#8221;][vc_column width=&#8221;5\/12&#8243;][vc_single_image image=&#8221;201309&#8243; img_size=&#8221;large&#8221;][\/vc_column][vc_column width=&#8221;7\/12&#8243;][vc_column_text]<\/p>\n<h2>Tenemos una soluci\u00f3n mejor para cada uno de los retos mencionados.<\/h2>\n<p><strong>Agente inmobiliario certificado<\/strong><\/p>\n<p>El equipo de Immo MEDITERRANEO est\u00e1 formado por expertos profesionales especializados en transacciones inmobiliarias en Espa\u00f1a, con una incre\u00edble mochila de experiencia y pasi\u00f3n por el sector inmobiliario espa\u00f1ol.<\/p>\n<p>La Costa Blanca Sur, la Costa Blanca Norte y la Costa C\u00e1lida son nuestras zonas de actuaci\u00f3n m\u00e1s conocidas.<\/p>\n<p>Trabajamos desde una empresa inmobiliaria autorizada y estamos bajo el control de la federaci\u00f3n profesional (IPI). As\u00ed que, como cliente, puede confiar en nosotros al 100% cuando le guiemos en su compra en Espa\u00f1a.<\/p>\n<p>Nos posicionamos ofreciendo un extraordinario servicio personalizado totalmente adaptado a usted como persona y a su situaci\u00f3n personal.[\/vc_column_text][\/vc_column][\/vc_row][vc_row full_width=&#8221;stretch_row&#8221; gap=&#8221;35&#8243; css=&#8221;.vc_custom_1683038253938{padding-top: 2rem !important;background-color: #ffffff !important;}&#8221;][vc_column width=&#8221;1\/4&#8243;][\/vc_column][vc_column width=&#8221;1\/2&#8243;][vc_column_text]<\/p>\n<h2 style=\"text-align: center;\"><strong>Nuestra misi\u00f3n<br \/>\n<\/strong><\/h2>\n<p>[\/vc_column_text][\/vc_column][vc_column width=&#8221;1\/4&#8243;][\/vc_column][\/vc_row][vc_row full_width=&#8221;stretch_row&#8221; gap=&#8221;35&#8243; css=&#8221;.vc_custom_1683038248265{padding-bottom: 2rem !important;background-color: #ffffff !important;}&#8221;][vc_column width=&#8221;1\/2&#8243;][vc_column_text]La compra de una vivienda o una inversi\u00f3n inmobiliaria no se hace de la noche a la ma\u00f1ana. A menudo, una compra de este tipo viene acompa\u00f1ada de muchas preguntas, independientemente del tipo de propiedad.<\/p>\n<p>Si lleva su historia inmobiliaria m\u00e1s all\u00e1 de las fronteras nacionales, puede convertirse r\u00e1pidamente en una mara\u00f1a de normativas confusas y legislaci\u00f3n sin precedentes.<\/p>\n<p>Sin embargo, en Immo MEDITERRANEO, estamos convencidos de que una transacci\u00f3n inmobiliaria en Espa\u00f1a puede ser tan sencilla, segura y sin riesgos como comprar su casa en B\u00e9lgica.<\/p>\n<p>Immo MEDITERRANEO le ofrece apoyo y orientaci\u00f3n completos para que tenga un 100% de seguridad y no se encuentre con sorpresas ni costes inesperados.<\/p>\n<p>Immo MEDITERRANEO apuesta por una transacci\u00f3n inmobiliaria 100% relajada, desde el inicio hasta la formalizaci\u00f3n de la escritura ante notario.[\/vc_column_text][\/vc_column][vc_column width=&#8221;1\/2&#8243;][vc_column_text]<\/p>\n<h4>Red internacional<\/h4>\n<p>Immo MEDITERRANEO cuenta con una amplia red en Espa\u00f1a. Trabajamos con excelentes abogados, autoridades y expertos.<\/p>\n<h4>Coaching personal<\/h4>\n<p>Desde la primera reuni\u00f3n introductoria hasta la \u00faltima firma en la escritura, Immo MEDITERRANEO est\u00e1 a su lado en todo momento, adoptando un enfoque profesional y cordial centrado en los resultados y la satisfacci\u00f3n. Nos desahogamos al 100%.<\/p>\n<h4>Apoyo jur\u00eddico y fiscal<\/h4>\n<p>Un profundo conocimiento de la normativa legal y fiscal en el extranjero hace de Immo MEDITERRANEO un socio para su historia inmobiliaria. Nuestros abogados asociados autorizados le asesorar\u00e1n a medida para que pueda comprar con seguridad y sin riesgos.[\/vc_column_text][\/vc_column][\/vc_row][vc_row full_width=&#8221;stretch_row&#8221; gap=&#8221;35&#8243; css=&#8221;.vc_custom_1683038282795{padding-top: 2rem !important;}&#8221;][vc_column width=&#8221;1\/4&#8243;][\/vc_column][vc_column width=&#8221;1\/2&#8243;][vc_column_text]<\/p>\n<h2 class=\"ak-pri-it\" style=\"text-align: center;\"><strong>Est\u00e1s en buena compa\u00f1\u00eda.<\/strong><\/h2>\n<p>[\/vc_column_text][\/vc_column][vc_column width=&#8221;1\/4&#8243;][\/vc_column][\/vc_row][vc_row gap=&#8221;35&#8243; css=&#8221;.vc_custom_1683037209511{padding-top: 2rem !important;padding-bottom: 2rem !important;}&#8221;][vc_column width=&#8221;1\/2&#8243;][vc_single_image image=&#8221;201313&#8243; img_size=&#8221;full&#8221;][vc_column_text]Su punto de contacto en B\u00e9lgica<\/p>\n<h3>Hedwig Baens<\/h3>\n<p>+32 475 52 94 47<br \/>\n<a href=\"mailto:hedwig@immomediterraneo.immo\">hedwig@immomediterraneo.immo<\/a><\/p>\n<p>Hedwig siempre ha trabajado como asesora y gestora en el sector financiero e inmobiliario sanitario. Espa\u00f1a ha sido su segundo hogar durante m\u00e1s de 20 a\u00f1os, por lo que su pasi\u00f3n y entusiasmo por el sector inmobiliario espa\u00f1ol se despert\u00f3 cuando \u00e9l mismo compr\u00f3 un piso en la Costa Blanca. Por lo tanto, est\u00e1 perfectamente situado para la administraci\u00f3n y coordinaci\u00f3n entre usted y el agente inmobiliario Luc en Espa\u00f1a.[\/vc_column_text][\/vc_column][vc_column width=&#8221;1\/2&#8243;][vc_single_image image=&#8221;201317&#8243; img_size=&#8221;full&#8221;][vc_column_text]Su contacto en Espa\u00f1a<\/p>\n<h3>Luc Heylens<\/h3>\n<p>+32 473 95 87 45<br \/>\n<a href=\"mailto:luc@immomediterraneo.immo\">luc@immomediterraneo.immo<\/a><\/p>\n<p>Encontrar la casa de sus sue\u00f1os en Espa\u00f1a es tarea de Luc. Vive y trabaja en la zona donde quieres comprar. \u00c9l mismo y su familia emigraron definitivamente a Espa\u00f1a hace varios a\u00f1os.<\/p>\n<p>Como resultado, Luc cuenta con a\u00f1os de experiencia y pasi\u00f3n por el sector inmobiliario en Espa\u00f1a.<\/p>\n<p>Su presencia permanente, en el centro de la Costa Blanca, le proporciona por tanto la posici\u00f3n de partida ideal y un conocimiento muy amplio de la regi\u00f3n. Luc proporciona asistencia personal en Espa\u00f1a, incluso con todas las autoridades necesarias. Tras la compra, tambi\u00e9n le seguir\u00e1 guiando hasta que pueda recibir las llaves de la casa de sus sue\u00f1os. E incluso despu\u00e9s, siempre podr\u00e1 contar con nosotros, tanto en Espa\u00f1a como en B\u00e9lgica. Est\u00e1s en buena compa\u00f1\u00eda.[\/vc_column_text][\/vc_column][\/vc_row]<\/p>\n<\/section>","protected":false},"excerpt":{"rendered":"<p>[vc_row gap=&#8221;35&#8243; css=&#8221;.vc_custom_1683037153403{padding-top: 2rem !important;padding-bottom: 2rem !important;}&#8221;][vc_column width=&#8221;7\/12&#8243;][vc_column_text] \u00bfPor qu\u00e9 acuden los clientes a immo mediterraneo? Nos encontramos con que muchas personas se enfrentan a menudo CON LOS MISMOS PROBLEMAS y por lo tanto vienen A NOSOTROS porque ellos; se decepcionan al verse empujados a decidir r\u00e1pidamente. preocuparse por si compran con seguridad en Espa\u00f1a [&hellip;]<\/p>\n","protected":false},"author":1,"featured_media":0,"parent":0,"menu_order":0,"comment_status":"closed","ping_status":"closed","template":"template\/template-page.php","meta":{"_monsterinsights_skip_tracking":false,"_monsterinsights_sitenote_active":false,"_monsterinsights_sitenote_note":"","_monsterinsights_sitenote_category":0,"footnotes":""},"class_list":["post-90874","page","type-page","status-publish","hentry"],"yoast_head":"<!-- This site is optimized with the Yoast SEO Premium plugin v21.6 (Yoast SEO v27.4) - https:\/\/yoast.com\/product\/yoast-seo-premium-wordpress\/ -->\n<title>Sobre nosotros - Immo Mediterraneo<\/title>\n<meta name=\"robots\" content=\"index, follow, max-snippet:-1, max-image-preview:large, max-video-preview:-1\" \/>\n<link rel=\"canonical\" href=\"https:\/\/immomediterraneo.immo\/es\/sobre-nosotros\/\" \/>\n<meta property=\"og:locale\" content=\"es_ES\" \/>\n<meta property=\"og:type\" content=\"article\" \/>\n<meta property=\"og:title\" content=\"Sobre nosotros\" \/>\n<meta property=\"og:description\" content=\"[vc_row gap=&#8221;35&#8243; css=&#8221;.vc_custom_1683037153403{padding-top: 2rem !important;padding-bottom: 2rem !important;}&#8221;][vc_column width=&#8221;7\/12&#8243;][vc_column_text] \u00bfPor qu\u00e9 acuden los clientes a immo mediterraneo? Nos encontramos con que muchas personas se enfrentan a menudo CON LOS MISMOS PROBLEMAS y por lo tanto vienen A NOSOTROS porque ellos; se decepcionan al verse empujados a decidir r\u00e1pidamente. preocuparse por si compran con seguridad en Espa\u00f1a [&hellip;]\" \/>\n<meta property=\"og:url\" content=\"https:\/\/immomediterraneo.immo\/es\/sobre-nosotros\/\" \/>\n<meta property=\"og:site_name\" content=\"Immo Mediterraneo\" \/>\n<meta property=\"article:publisher\" content=\"http:\/\/@immomediterraneo\" \/>\n<meta property=\"article:modified_time\" content=\"2023-06-24T12:21:27+00:00\" \/>\n<meta name=\"twitter:card\" content=\"summary_large_image\" \/>\n<meta name=\"twitter:label1\" content=\"Tiempo de lectura\" \/>\n\t<meta name=\"twitter:data1\" content=\"5 minutos\" \/>\n<script type=\"application\/ld+json\" class=\"yoast-schema-graph\">{\"@context\":\"https:\\\/\\\/schema.org\",\"@graph\":[{\"@type\":\"WebPage\",\"@id\":\"https:\\\/\\\/immomediterraneo.immo\\\/es\\\/sobre-nosotros\\\/\",\"url\":\"https:\\\/\\\/immomediterraneo.immo\\\/es\\\/sobre-nosotros\\\/\",\"name\":\"Sobre nosotros - Immo Mediterraneo\",\"isPartOf\":{\"@id\":\"https:\\\/\\\/immomediterraneo.immo\\\/es\\\/nl\\\/#website\"},\"datePublished\":\"2023-02-28T13:19:51+00:00\",\"dateModified\":\"2023-06-24T12:21:27+00:00\",\"breadcrumb\":{\"@id\":\"https:\\\/\\\/immomediterraneo.immo\\\/es\\\/sobre-nosotros\\\/#breadcrumb\"},\"inLanguage\":\"es\",\"potentialAction\":[{\"@type\":\"ReadAction\",\"target\":[\"https:\\\/\\\/immomediterraneo.immo\\\/es\\\/sobre-nosotros\\\/\"]}]},{\"@type\":\"BreadcrumbList\",\"@id\":\"https:\\\/\\\/immomediterraneo.immo\\\/es\\\/sobre-nosotros\\\/#breadcrumb\",\"itemListElement\":[{\"@type\":\"ListItem\",\"position\":1,\"name\":\"Home\",\"item\":\"https:\\\/\\\/immomediterraneo.immo\\\/es\\\/?page_id=225714\"},{\"@type\":\"ListItem\",\"position\":2,\"name\":\"Sobre nosotros\"}]},{\"@type\":\"WebSite\",\"@id\":\"https:\\\/\\\/immomediterraneo.immo\\\/es\\\/nl\\\/#website\",\"url\":\"https:\\\/\\\/immomediterraneo.immo\\\/es\\\/nl\\\/\",\"name\":\"Immo Mediterraneo\",\"description\":\"Uw partner aan de Costa Blanca en Costa Calida\",\"potentialAction\":[{\"@type\":\"SearchAction\",\"target\":{\"@type\":\"EntryPoint\",\"urlTemplate\":\"https:\\\/\\\/immomediterraneo.immo\\\/es\\\/nl\\\/?s={search_term_string}\"},\"query-input\":{\"@type\":\"PropertyValueSpecification\",\"valueRequired\":true,\"valueName\":\"search_term_string\"}}],\"inLanguage\":\"es\"}]}<\/script>\n<!-- \/ Yoast SEO Premium plugin. -->","yoast_head_json":{"title":"Sobre nosotros - Immo Mediterraneo","robots":{"index":"index","follow":"follow","max-snippet":"max-snippet:-1","max-image-preview":"max-image-preview:large","max-video-preview":"max-video-preview:-1"},"canonical":"https:\/\/immomediterraneo.immo\/es\/sobre-nosotros\/","og_locale":"es_ES","og_type":"article","og_title":"Sobre nosotros","og_description":"[vc_row gap=&#8221;35&#8243; css=&#8221;.vc_custom_1683037153403{padding-top: 2rem !important;padding-bottom: 2rem !important;}&#8221;][vc_column width=&#8221;7\/12&#8243;][vc_column_text] \u00bfPor qu\u00e9 acuden los clientes a immo mediterraneo? Nos encontramos con que muchas personas se enfrentan a menudo CON LOS MISMOS PROBLEMAS y por lo tanto vienen A NOSOTROS porque ellos; se decepcionan al verse empujados a decidir r\u00e1pidamente. preocuparse por si compran con seguridad en Espa\u00f1a [&hellip;]","og_url":"https:\/\/immomediterraneo.immo\/es\/sobre-nosotros\/","og_site_name":"Immo Mediterraneo","article_publisher":"http:\/\/@immomediterraneo","article_modified_time":"2023-06-24T12:21:27+00:00","twitter_card":"summary_large_image","twitter_misc":{"Tiempo de lectura":"5 minutos"},"schema":{"@context":"https:\/\/schema.org","@graph":[{"@type":"WebPage","@id":"https:\/\/immomediterraneo.immo\/es\/sobre-nosotros\/","url":"https:\/\/immomediterraneo.immo\/es\/sobre-nosotros\/","name":"Sobre nosotros - Immo Mediterraneo","isPartOf":{"@id":"https:\/\/immomediterraneo.immo\/es\/nl\/#website"},"datePublished":"2023-02-28T13:19:51+00:00","dateModified":"2023-06-24T12:21:27+00:00","breadcrumb":{"@id":"https:\/\/immomediterraneo.immo\/es\/sobre-nosotros\/#breadcrumb"},"inLanguage":"es","potentialAction":[{"@type":"ReadAction","target":["https:\/\/immomediterraneo.immo\/es\/sobre-nosotros\/"]}]},{"@type":"BreadcrumbList","@id":"https:\/\/immomediterraneo.immo\/es\/sobre-nosotros\/#breadcrumb","itemListElement":[{"@type":"ListItem","position":1,"name":"Home","item":"https:\/\/immomediterraneo.immo\/es\/?page_id=225714"},{"@type":"ListItem","position":2,"name":"Sobre nosotros"}]},{"@type":"WebSite","@id":"https:\/\/immomediterraneo.immo\/es\/nl\/#website","url":"https:\/\/immomediterraneo.immo\/es\/nl\/","name":"Immo Mediterraneo","description":"Uw partner aan de Costa Blanca en Costa Calida","potentialAction":[{"@type":"SearchAction","target":{"@type":"EntryPoint","urlTemplate":"https:\/\/immomediterraneo.immo\/es\/nl\/?s={search_term_string}"},"query-input":{"@type":"PropertyValueSpecification","valueRequired":true,"valueName":"search_term_string"}}],"inLanguage":"es"}]}},"_links":{"self":[{"href":"https:\/\/immomediterraneo.immo\/es\/wp-json\/wp\/v2\/pages\/90874","targetHints":{"allow":["GET"]}}],"collection":[{"href":"https:\/\/immomediterraneo.immo\/es\/wp-json\/wp\/v2\/pages"}],"about":[{"href":"https:\/\/immomediterraneo.immo\/es\/wp-json\/wp\/v2\/types\/page"}],"author":[{"embeddable":true,"href":"https:\/\/immomediterraneo.immo\/es\/wp-json\/wp\/v2\/users\/1"}],"replies":[{"embeddable":true,"href":"https:\/\/immomediterraneo.immo\/es\/wp-json\/wp\/v2\/comments?post=90874"}],"version-history":[{"count":7,"href":"https:\/\/immomediterraneo.immo\/es\/wp-json\/wp\/v2\/pages\/90874\/revisions"}],"predecessor-version":[{"id":201591,"href":"https:\/\/immomediterraneo.immo\/es\/wp-json\/wp\/v2\/pages\/90874\/revisions\/201591"}],"wp:attachment":[{"href":"https:\/\/immomediterraneo.immo\/es\/wp-json\/wp\/v2\/media?parent=90874"}],"curies":[{"name":"wp","href":"https:\/\/api.w.org\/{rel}","templated":true}]}}