{"id":90883,"date":"2023-05-02T17:43:15","date_gmt":"2023-05-02T15:43:15","guid":{"rendered":"https:\/\/immomediterraneo.immo\/nuestros-servicios-2\/"},"modified":"2023-05-18T10:25:47","modified_gmt":"2023-05-18T08:25:47","slug":"nuestros-servicios-2","status":"publish","type":"page","link":"https:\/\/immomediterraneo.immo\/es\/nuestros-servicios-2\/","title":{"rendered":"Nuestros servicios"},"content":{"rendered":"<section class=\"wpb-content-wrapper\"><p>[vc_row full_width=&#8221;stretch_row&#8221; gap=&#8221;35&#8243; css=&#8221;.vc_custom_1683042351351{padding-bottom: 2rem !important;}&#8221;][vc_column width=&#8221;1\/2&#8243;][vc_column_text]Immo MEDITERRANEO est\u00e1 especializado en ayudar a particulares y profesionales a encontrar su casa de vacaciones en Espa\u00f1a. Cualquiera que sea el tipo de propiedad que elija, Immo MEDITERRANEO le ayudar\u00e1 con asesoramiento legal y fiscal para que pueda comenzar su viaje de descubrimiento de forma reflexiva y segura. Nos ocupamos de todo, de la A a la Z, en su propio idioma. A\u00f1os de experiencia y una amplia red garantizan que le guiar\u00e1n generosamente hacia una compra segura. Incluso despu\u00e9s de comprar la casa de sus sue\u00f1os, puede contar con nosotros durante muchos a\u00f1os. Inicie su b\u00fasqueda hoy mismo. Juntos encontraremos la propiedad ideal en el lugar adecuado.<\/p>\n<h3>Lo que cuenta no es la distancia, sino el primer paso.<\/h3>\n<p>[\/vc_column_text][\/vc_column][vc_column width=&#8221;1\/2&#8243;][vc_column_text]<\/p>\n<h3>Para conocerte mejor<\/h3>\n<p>Cada cliente es \u00fanico, por eso empezamos con una reuni\u00f3n inicial sin compromiso en su domicilio.<\/p>\n<p>El objetivo de esta conversaci\u00f3n es descubrir qu\u00e9 podemos hacer por usted en concreto y conocer espec\u00edficamente cu\u00e1les son sus necesidades y criterios. Al mismo tiempo, obtendr\u00e1 respuestas instant\u00e1neas a todas sus preguntas sobre la compra de su casa de vacaciones en Espa\u00f1a.<\/p>\n<h3>Seleccionar las propiedades adecuadas<\/h3>\n<p>De una casa de vacaciones a una mera inversi\u00f3n en Espa\u00f1a. Immo MEDITERRANEO le encontrar\u00e1 la propiedad que satisfaga todas sus necesidades. Gracias a nuestra amplia red, podemos ofrecerle propiedades en Costa Blanca Sur y Norte y Costa C\u00e1lida. D\u00edganos qu\u00e9 desea encontrar y estaremos encantados de hacerlo realidad.<\/p>\n<h3>Conozca su cartera<\/h3>\n<p>Tambi\u00e9n es importante su situaci\u00f3n financiera.<\/p>\n<p>Tambi\u00e9n le ayudaremos a analizar el aspecto financiero. Estaremos encantados de hablar con usted sobre las opciones de pr\u00e9stamo disponibles en B\u00e9lgica y Espa\u00f1a. Si desea pedir un pr\u00e9stamo en Espa\u00f1a, estaremos encantados de ayudarle. Tenemos excelentes contactos con varios bancos espa\u00f1oles que le ayudar\u00e1n en su propio idioma.[\/vc_column_text][\/vc_column][\/vc_row][vc_row gap=&#8221;35&#8243; css=&#8221;.vc_custom_1683037153403{padding-top: 2rem !important;padding-bottom: 2rem !important;}&#8221;][vc_column width=&#8221;7\/12&#8243;][vc_column_text]<\/p>\n<h2>Organizar un viaje tur\u00edstico<\/h2>\n<p><strong>\u00bfDesea realizar visitas en Espa\u00f1a?<\/strong><\/p>\n<p>Tiene toda la raz\u00f3n. Comprar bas\u00e1ndose en informaci\u00f3n de internet y fotos, lo desaconsejamos totalmente. La mejor manera de elegir y decidir es venir a ver los proyectos y las regiones. Tiene que vivirlo en persona para saber qu\u00e9 propiedad y qu\u00e9 regi\u00f3n le convienen m\u00e1s.<\/p>\n<p>As\u00ed que, una vez que hayamos encontrado algunas casas de vacaciones para usted, estaremos encantados de ir a visitar estas casas y la regi\u00f3n con usted.<\/p>\n<p>A continuaci\u00f3n, Immo MEDITERRANEO organiza todos los preparativos del viaje de observaci\u00f3n, desde los aspectos pr\u00e1cticos y administrativos hasta los t\u00e9cnicos.<\/p>\n<p>Antes de partir, seleccionaremos juntos los proyectos que mejor se ajusten a sus necesidades y criterios. A partir de ah\u00ed, organizaremos una visita a la regi\u00f3n y a los proyectos seleccionados. Si necesita ayuda para reservar un vuelo y un hotel, \u00a1estamos a su disposici\u00f3n![\/vc_column_text][\/vc_column][vc_column width=&#8221;5\/12&#8243;][vc_single_image image=&#8221;19444&#8243; img_size=&#8221;large&#8221;][\/vc_column][\/vc_row][vc_row gap=&#8221;35&#8243; css=&#8221;.vc_custom_1683037133062{padding-top: 2rem !important;padding-bottom: 2rem !important;}&#8221;][vc_column width=&#8221;5\/12&#8243;][vc_single_image image=&#8221;19443&#8243; img_size=&#8221;large&#8221;][\/vc_column][vc_column width=&#8221;7\/12&#8243;][vc_column_text]<\/p>\n<h2>La propiedad adecuada en el lugar adecuado<\/h2>\n<p>Desde el momento en que pone un pie en el aeropuerto de Espa\u00f1a, \u00a1comienza su viaje de descubrimientos!<\/p>\n<p>Luc estar\u00e1 encantado de recogerle en el aeropuerto y llevarle a su hotel.<\/p>\n<p>Siempre empezamos los d\u00edas de visita con una agradable exploraci\u00f3n de la regi\u00f3n en la que le introducimos en la vida espa\u00f1ola.<\/p>\n<p>En cada proyecto, Luc se toma el tiempo necesario para conocer a fondo la regi\u00f3n, llev\u00e1ndote a los mejores lugares, los chiringuitos de moda, las playas m\u00e1s bonitas, los restaurantes m\u00e1s agradables y los sitios importantes que te interesan. Descubrir\u00e1 las distintas regiones y proyectos de forma divertida y relajada, para que pronto sepa si aqu\u00ed puede sentirse como en casa.<\/p>\n<p>Al final del d\u00eda, podr\u00e1 rememorar todo lo que ha visto en una terraza o con una buena cena.<\/p>\n<p>Luc act\u00faa enteramente en su inter\u00e9s y nunca le presionar\u00e1 para que tome una decisi\u00f3n r\u00e1pida e inmediata, de modo que usted permanezca en una posici\u00f3n c\u00f3moda en todo momento. Eres lo suficientemente mayor y sabio como para saber cu\u00e1ndo est\u00e1s preparado para tomar una decisi\u00f3n. Adem\u00e1s, Luc no necesita esto.<\/p>\n<p>Gracias a sus a\u00f1os de experiencia, siempre sabe c\u00f3mo encontrar la propiedad adecuada en el lugar adecuado.[\/vc_column_text][\/vc_column][\/vc_row][vc_row full_width=&#8221;stretch_row&#8221; gap=&#8221;35&#8243; css=&#8221;.vc_custom_1683042497267{padding-top: 2rem !important;padding-bottom: 2em !important;background-color: #ffffff !important;}&#8221;][vc_column width=&#8221;1\/4&#8243;][\/vc_column][vc_column width=&#8221;1\/2&#8243;][vc_column_text]<\/p>\n<h2 style=\"text-align: center;\"><strong>\u00bfCu\u00e1l es su bebida espa\u00f1ola favorita? \u00bfCava, caf\u00e9 con leche, caf\u00e9 cortado, cerveza, sangr\u00eda o vino?<\/strong><\/h2>\n<p style=\"text-align: center;\">Reservamos un asiento en la terraza con antelaci\u00f3n<br \/>\nApunta a la luna y, si fallas, acabar\u00e1s entre las estrellas.<\/p>\n<h2 style=\"text-align: center;\"><strong> <\/strong><\/h2>\n<p>[\/vc_column_text][\/vc_column][vc_column width=&#8221;1\/4&#8243;][\/vc_column][\/vc_row][vc_row gap=&#8221;35&#8243; css=&#8221;.vc_custom_1683037133062{padding-top: 2rem !important;padding-bottom: 2rem !important;}&#8221;][vc_column width=&#8221;1\/2&#8243;][vc_column_text]<\/p>\n<h2>Y entonces encontrar\u00e1 la casa de sus sue\u00f1os.<\/h2>\n<p>Antes de firmar el contrato de compraventa, Immo MEDITERRANEO examina la situaci\u00f3n jur\u00eddica del inmueble. Se identifican la planificaci\u00f3n urban\u00edstica y las ventajas e inconvenientes financieros y fiscales de la propiedad. \u00bfCompras sobre plano? A continuaci\u00f3n comprobamos exhaustivamente el perfil del promotor de la construcci\u00f3n, como permisos, garant\u00edas financieras, entrega y plazos.<\/p>\n<p>Junto con un bufete de abogados independiente, defendemos sus intereses. Adem\u00e1s, toda la comunicaci\u00f3n se desarrolla en su propio idioma.[\/vc_column_text][\/vc_column][vc_column width=&#8221;1\/2&#8243;][vc_column_text]<\/p>\n<h2>La organizaci\u00f3n fiscal y jur\u00eddica<\/h2>\n<p>En t\u00e9rminos jur\u00eddicos y fiscales, tambi\u00e9n es importante que los compradores est\u00e9n suficientemente informados sobre la<\/p>\n<p>oportunidades y obligaciones. \u00bfD\u00f3nde se paga la cuota de inscripci\u00f3n? \u00bfLe repercutir\u00e1n la comisi\u00f3n del agente inmobiliario y tendr\u00e1 que pagar gastos de compra al ayuntamiento?<\/p>\n<p>Y, por supuesto, tambi\u00e9n es importante saber si puede pedir un pr\u00e9stamo en B\u00e9lgica para comprar una casa de vacaciones en Espa\u00f1a o c\u00f3mo se gravan los ingresos si la alquila. Si usted tiene deseos espec\u00edficos con respecto a la compra en su sociedad, donaci\u00f3n, herencia o compra dividida de su propiedad espa\u00f1ola, esto sin duda se puede arreglar para usted.<\/p>\n<p>Todas estas son cuestiones en las que Immo MEDITERRANEO le asesora y asiste.[\/vc_column_text][\/vc_column][\/vc_row][vc_row full_width=&#8221;stretch_row&#8221; gap=&#8221;35&#8243; css=&#8221;.vc_custom_1683042677393{padding-top: 2rem !important;padding-bottom: 2em !important;}&#8221;][vc_column width=&#8221;1\/6&#8243;][\/vc_column][vc_column width=&#8221;4\/6&#8243;][vc_single_image image=&#8221;19437&#8243; img_size=&#8221;full&#8221; alignment=&#8221;center&#8221;][\/vc_column][vc_column width=&#8221;1\/6&#8243;][\/vc_column][\/vc_row][vc_row gap=&#8221;35&#8243; css=&#8221;.vc_custom_1683037133062{padding-top: 2rem !important;padding-bottom: 2rem !important;}&#8221;][vc_column width=&#8221;1\/2&#8243;][vc_column_text]<\/p>\n<h2>Importante<\/h2>\n<p>El papel del notario var\u00eda de un pa\u00eds a otro y no es igual de amplio en todas partes. Por lo tanto, es muy importante realizar un estudio preliminar y disponer de un informe detallado de la propiedad para asegurarse al 100% de que todo est\u00e1 en orden antes de firmar. Para ello, puede recurrir a Immo MEDITERRANEO.<\/p>\n<h2>Seguimiento<\/h2>\n<p>Si elige una casa de vacaciones que a\u00fan est\u00e1 en construcci\u00f3n, es importante contar con la supervisi\u00f3n de un experto profesional. Si lo desea, puede venir a echar un vistazo con regularidad, pero no es necesario. Puede verlo tranquilamente desde su asiento. El agente\/gestor Luc se encarga personalmente del seguimiento de las obras y le env\u00eda peri\u00f3dicamente fotos de los progresos realizados. Adem\u00e1s, siempre puede ponerse en contacto con \u00e9l si tiene alguna duda.[\/vc_column_text][\/vc_column][vc_column width=&#8221;1\/2&#8243;][vc_column_text]<\/p>\n<h2>Su casa est\u00e1 lista, \u00a1s\u00ed!<\/h2>\n<p>Antes de redactar la escritura, Luc hace la comprobaci\u00f3n final \u00e9l mismo o junto con usted si lo desea. Se examina la propiedad para detectar posibles defectos y problemas que tienden a pasarse por alto. S\u00f3lo si todo est\u00e1 en orden dar\u00e1 luz verde para refrendar el acta notarial. De lo contrario, se asegurar\u00e1 de que se lleve a cabo lo que a\u00fan hay que poner en orden.<\/p>\n<p>Si a\u00fan necesitas amueblar el apartamento, Luc te mostrar\u00e1 d\u00f3nde conseguir muebles bonitos a precios estupendos. Adem\u00e1s, nos encargaremos de conectar la electricidad, el agua e Internet y recibir\u00e1 las llaves de la casa de sus sue\u00f1os en Espa\u00f1a.<\/p>\n<p>Todo lo que tiene que hacer es disfrutar.[\/vc_column_text][\/vc_column][\/vc_row][vc_row gap=&#8221;35&#8243; css=&#8221;.vc_custom_1683037153403{padding-top: 2rem !important;padding-bottom: 2rem !important;}&#8221;][vc_column width=&#8221;5\/12&#8243;][vc_single_image image=&#8221;19441&#8243; img_size=&#8221;large&#8221;][\/vc_column][vc_column width=&#8221;7\/12&#8243;][vc_column_text]<\/p>\n<h2>M\u00e1s que un servicio est\u00e1ndar<\/h2>\n<p>Despu\u00e9s de la compra de su casa de vacaciones, siempre puede confiar en nosotros tanto en Espa\u00f1a como en B\u00e9lgica para:<\/p>\n<ul>\n<li>C\u00f3mo y cu\u00e1ndo presentar la declaraci\u00f3n en B\u00e9lgica<\/li>\n<li>Ayuda con la administraci\u00f3n fiscal en Espa\u00f1a<\/li>\n<li>Compra, inspecci\u00f3n y matriculaci\u00f3n de un coche o una moto<\/li>\n<li>Ayuda para alquilar su vivienda<\/li>\n<li>Gesti\u00f3n de llaves y servicios de limpieza<\/li>\n<li>Un servicio de manitas<\/li>\n<li>D\u00f3nde contratar un seguro<\/li>\n<li>C\u00f3mo llegar si quiere una cuenta bancaria espa\u00f1ola<\/li>\n<li>Etc&#8230;<\/li>\n<\/ul>\n<p>\u00a1Y este LARGO!<\/p>\n<h2>Est\u00e1s en buena compa\u00f1\u00eda.<\/h2>\n<p>[\/vc_column_text][\/vc_column][\/vc_row][vc_row gap=&#8221;35&#8243; css=&#8221;.vc_custom_1683037153403{padding-top: 2rem !important;padding-bottom: 2rem !important;}&#8221;][vc_column width=&#8221;7\/12&#8243;][vc_column_text]<\/p>\n<h2>\u00a1Vive tu sue\u00f1o!<\/h2>\n<p><strong>\u00bfEntusiasmado? Entonces, \u00a1trabajemos juntos en ello!<\/strong><\/p>\n<p>Porque usted tambi\u00e9n es \u00fanico, nos gusta empezar con una presentaci\u00f3n sin compromiso. El objetivo de esta conversaci\u00f3n es descubrir qu\u00e9 podemos hacer por usted en concreto y conocer espec\u00edficamente cu\u00e1les son sus necesidades y criterios. Al mismo tiempo, obtendr\u00e1 respuestas instant\u00e1neas a todas sus preguntas sobre la compra de su casa de vacaciones en Espa\u00f1a.<\/p>\n<p>Adem\u00e1s, un viaje de observaci\u00f3n nunca es tiempo perdido.<\/p>\n<h4>\u00bfNo encuentra la propiedad adecuada en el lugar adecuado en ese momento?<\/h4>\n<p>Muy bien, seguiremos trabajando para usted para encontrar la propiedad adecuada en otra regi\u00f3n.<\/p>\n<h4>\u00bfNo es lo que esperabas despu\u00e9s de todo?<\/h4>\n<p>Dejamos eso y nos tomamos una sangr\u00eda por el conocido y por lo bien que lo pasamos.<\/p>\n<p>Y si ha encontrado la propiedad en el lugar donde su instinto le dice, esta es y que se ajusta completamente a sus criterios y deseos, en ese caso se alegrar\u00e1 de haber venido a Espa\u00f1a.[\/vc_column_text][\/vc_column][vc_column width=&#8221;5\/12&#8243;][vc_single_image image=&#8221;19442&#8243; img_size=&#8221;large&#8221;][\/vc_column][\/vc_row][vc_row full_width=&#8221;stretch_row&#8221; gap=&#8221;35&#8243; css=&#8221;.vc_custom_1683043145596{padding-top: 2rem !important;padding-bottom: 2em !important;}&#8221;][vc_column width=&#8221;1\/6&#8243;][\/vc_column][vc_column width=&#8221;4\/6&#8243;][vc_column_text]<\/p>\n<h2 style=\"text-align: center;\">&#8221; Un d\u00eda te levantas y no hay tiempo para hacer las cosas con las que siempre has so\u00f1ado. \u00a1Hazlas ahora! &#8220;<\/h2>\n<p style=\"text-align: center;\">Paulo coelho<\/p>\n<p>[\/vc_column_text][\/vc_column][vc_column width=&#8221;1\/6&#8243;][\/vc_column][\/vc_row]<\/p>\n<\/section>","protected":false},"excerpt":{"rendered":"<p>[vc_row full_width=&#8221;stretch_row&#8221; gap=&#8221;35&#8243; css=&#8221;.vc_custom_1683042351351{padding-bottom: 2rem !important;}&#8221;][vc_column width=&#8221;1\/2&#8243;][vc_column_text]Immo MEDITERRANEO est\u00e1 especializado en ayudar a particulares y profesionales a encontrar su casa de vacaciones en Espa\u00f1a. Cualquiera que sea el tipo de propiedad que elija, Immo MEDITERRANEO le ayudar\u00e1 con asesoramiento legal y fiscal para que pueda comenzar su viaje de descubrimiento de forma reflexiva y segura. [&hellip;]<\/p>\n","protected":false},"author":1,"featured_media":0,"parent":0,"menu_order":0,"comment_status":"closed","ping_status":"closed","template":"template\/template-page.php","meta":{"_monsterinsights_skip_tracking":false,"_monsterinsights_sitenote_active":false,"_monsterinsights_sitenote_note":"","_monsterinsights_sitenote_category":0,"footnotes":""},"class_list":["post-90883","page","type-page","status-publish","hentry"],"yoast_head":"<!-- This site is optimized with the Yoast SEO Premium plugin v21.6 (Yoast SEO v27.4) - https:\/\/yoast.com\/product\/yoast-seo-premium-wordpress\/ -->\n<title>Nuestros servicios - Immo Mediterraneo<\/title>\n<meta name=\"robots\" content=\"index, follow, max-snippet:-1, max-image-preview:large, max-video-preview:-1\" \/>\n<link rel=\"canonical\" href=\"https:\/\/immomediterraneo.immo\/es\/nuestros-servicios-2\/\" \/>\n<meta property=\"og:locale\" content=\"es_ES\" \/>\n<meta property=\"og:type\" content=\"article\" \/>\n<meta property=\"og:title\" content=\"Nuestros servicios\" \/>\n<meta property=\"og:description\" content=\"[vc_row full_width=&#8221;stretch_row&#8221; gap=&#8221;35&#8243; css=&#8221;.vc_custom_1683042351351{padding-bottom: 2rem !important;}&#8221;][vc_column width=&#8221;1\/2&#8243;][vc_column_text]Immo MEDITERRANEO est\u00e1 especializado en ayudar a particulares y profesionales a encontrar su casa de vacaciones en Espa\u00f1a. Cualquiera que sea el tipo de propiedad que elija, Immo MEDITERRANEO le ayudar\u00e1 con asesoramiento legal y fiscal para que pueda comenzar su viaje de descubrimiento de forma reflexiva y segura. [&hellip;]\" \/>\n<meta property=\"og:url\" content=\"https:\/\/immomediterraneo.immo\/es\/nuestros-servicios-2\/\" \/>\n<meta property=\"og:site_name\" content=\"Immo Mediterraneo\" \/>\n<meta property=\"article:publisher\" content=\"http:\/\/@immomediterraneo\" \/>\n<meta property=\"article:modified_time\" content=\"2023-05-18T08:25:47+00:00\" \/>\n<meta name=\"twitter:card\" content=\"summary_large_image\" \/>\n<meta name=\"twitter:label1\" content=\"Tiempo de lectura\" \/>\n\t<meta name=\"twitter:data1\" content=\"10 minutos\" \/>\n<script type=\"application\/ld+json\" class=\"yoast-schema-graph\">{\"@context\":\"https:\\\/\\\/schema.org\",\"@graph\":[{\"@type\":\"WebPage\",\"@id\":\"https:\\\/\\\/immomediterraneo.immo\\\/es\\\/nuestros-servicios-2\\\/\",\"url\":\"https:\\\/\\\/immomediterraneo.immo\\\/es\\\/nuestros-servicios-2\\\/\",\"name\":\"Nuestros servicios - Immo Mediterraneo\",\"isPartOf\":{\"@id\":\"https:\\\/\\\/immomediterraneo.immo\\\/es\\\/nl\\\/#website\"},\"datePublished\":\"2023-05-02T15:43:15+00:00\",\"dateModified\":\"2023-05-18T08:25:47+00:00\",\"breadcrumb\":{\"@id\":\"https:\\\/\\\/immomediterraneo.immo\\\/es\\\/nuestros-servicios-2\\\/#breadcrumb\"},\"inLanguage\":\"es\",\"potentialAction\":[{\"@type\":\"ReadAction\",\"target\":[\"https:\\\/\\\/immomediterraneo.immo\\\/es\\\/nuestros-servicios-2\\\/\"]}]},{\"@type\":\"BreadcrumbList\",\"@id\":\"https:\\\/\\\/immomediterraneo.immo\\\/es\\\/nuestros-servicios-2\\\/#breadcrumb\",\"itemListElement\":[{\"@type\":\"ListItem\",\"position\":1,\"name\":\"Home\",\"item\":\"https:\\\/\\\/immomediterraneo.immo\\\/es\\\/?page_id=225714\"},{\"@type\":\"ListItem\",\"position\":2,\"name\":\"Nuestros servicios\"}]},{\"@type\":\"WebSite\",\"@id\":\"https:\\\/\\\/immomediterraneo.immo\\\/es\\\/nl\\\/#website\",\"url\":\"https:\\\/\\\/immomediterraneo.immo\\\/es\\\/nl\\\/\",\"name\":\"Immo Mediterraneo\",\"description\":\"Uw partner aan de Costa Blanca en Costa Calida\",\"potentialAction\":[{\"@type\":\"SearchAction\",\"target\":{\"@type\":\"EntryPoint\",\"urlTemplate\":\"https:\\\/\\\/immomediterraneo.immo\\\/es\\\/nl\\\/?s={search_term_string}\"},\"query-input\":{\"@type\":\"PropertyValueSpecification\",\"valueRequired\":true,\"valueName\":\"search_term_string\"}}],\"inLanguage\":\"es\"}]}<\/script>\n<!-- \/ Yoast SEO Premium plugin. -->","yoast_head_json":{"title":"Nuestros servicios - Immo Mediterraneo","robots":{"index":"index","follow":"follow","max-snippet":"max-snippet:-1","max-image-preview":"max-image-preview:large","max-video-preview":"max-video-preview:-1"},"canonical":"https:\/\/immomediterraneo.immo\/es\/nuestros-servicios-2\/","og_locale":"es_ES","og_type":"article","og_title":"Nuestros servicios","og_description":"[vc_row full_width=&#8221;stretch_row&#8221; gap=&#8221;35&#8243; css=&#8221;.vc_custom_1683042351351{padding-bottom: 2rem !important;}&#8221;][vc_column width=&#8221;1\/2&#8243;][vc_column_text]Immo MEDITERRANEO est\u00e1 especializado en ayudar a particulares y profesionales a encontrar su casa de vacaciones en Espa\u00f1a. Cualquiera que sea el tipo de propiedad que elija, Immo MEDITERRANEO le ayudar\u00e1 con asesoramiento legal y fiscal para que pueda comenzar su viaje de descubrimiento de forma reflexiva y segura. [&hellip;]","og_url":"https:\/\/immomediterraneo.immo\/es\/nuestros-servicios-2\/","og_site_name":"Immo Mediterraneo","article_publisher":"http:\/\/@immomediterraneo","article_modified_time":"2023-05-18T08:25:47+00:00","twitter_card":"summary_large_image","twitter_misc":{"Tiempo de lectura":"10 minutos"},"schema":{"@context":"https:\/\/schema.org","@graph":[{"@type":"WebPage","@id":"https:\/\/immomediterraneo.immo\/es\/nuestros-servicios-2\/","url":"https:\/\/immomediterraneo.immo\/es\/nuestros-servicios-2\/","name":"Nuestros servicios - Immo Mediterraneo","isPartOf":{"@id":"https:\/\/immomediterraneo.immo\/es\/nl\/#website"},"datePublished":"2023-05-02T15:43:15+00:00","dateModified":"2023-05-18T08:25:47+00:00","breadcrumb":{"@id":"https:\/\/immomediterraneo.immo\/es\/nuestros-servicios-2\/#breadcrumb"},"inLanguage":"es","potentialAction":[{"@type":"ReadAction","target":["https:\/\/immomediterraneo.immo\/es\/nuestros-servicios-2\/"]}]},{"@type":"BreadcrumbList","@id":"https:\/\/immomediterraneo.immo\/es\/nuestros-servicios-2\/#breadcrumb","itemListElement":[{"@type":"ListItem","position":1,"name":"Home","item":"https:\/\/immomediterraneo.immo\/es\/?page_id=225714"},{"@type":"ListItem","position":2,"name":"Nuestros servicios"}]},{"@type":"WebSite","@id":"https:\/\/immomediterraneo.immo\/es\/nl\/#website","url":"https:\/\/immomediterraneo.immo\/es\/nl\/","name":"Immo Mediterraneo","description":"Uw partner aan de Costa Blanca en Costa Calida","potentialAction":[{"@type":"SearchAction","target":{"@type":"EntryPoint","urlTemplate":"https:\/\/immomediterraneo.immo\/es\/nl\/?s={search_term_string}"},"query-input":{"@type":"PropertyValueSpecification","valueRequired":true,"valueName":"search_term_string"}}],"inLanguage":"es"}]}},"_links":{"self":[{"href":"https:\/\/immomediterraneo.immo\/es\/wp-json\/wp\/v2\/pages\/90883","targetHints":{"allow":["GET"]}}],"collection":[{"href":"https:\/\/immomediterraneo.immo\/es\/wp-json\/wp\/v2\/pages"}],"about":[{"href":"https:\/\/immomediterraneo.immo\/es\/wp-json\/wp\/v2\/types\/page"}],"author":[{"embeddable":true,"href":"https:\/\/immomediterraneo.immo\/es\/wp-json\/wp\/v2\/users\/1"}],"replies":[{"embeddable":true,"href":"https:\/\/immomediterraneo.immo\/es\/wp-json\/wp\/v2\/comments?post=90883"}],"version-history":[{"count":2,"href":"https:\/\/immomediterraneo.immo\/es\/wp-json\/wp\/v2\/pages\/90883\/revisions"}],"predecessor-version":[{"id":90885,"href":"https:\/\/immomediterraneo.immo\/es\/wp-json\/wp\/v2\/pages\/90883\/revisions\/90885"}],"wp:attachment":[{"href":"https:\/\/immomediterraneo.immo\/es\/wp-json\/wp\/v2\/media?parent=90883"}],"curies":[{"name":"wp","href":"https:\/\/api.w.org\/{rel}","templated":true}]}}