{"id":90889,"date":"2023-05-02T18:13:30","date_gmt":"2023-05-02T16:13:30","guid":{"rendered":"https:\/\/immomediterraneo.immo\/clientes-satisfechos\/"},"modified":"2023-05-18T10:31:12","modified_gmt":"2023-05-18T08:31:12","slug":"clientes-satisfechos","status":"publish","type":"page","link":"https:\/\/immomediterraneo.immo\/es\/clientes-satisfechos\/","title":{"rendered":"Clientes satisfechos"},"content":{"rendered":"<section class=\"wpb-content-wrapper\"><p>[vc_row full_width=&#8221;stretch_row&#8221; gap=&#8221;35&#8243; css=&#8221;.vc_custom_1683046877311{padding-top: 2rem !important;padding-bottom: 2em !important;}&#8221;][vc_column width=&#8221;1\/4&#8243;][\/vc_column][vc_column width=&#8221;1\/2&#8243;][vc_column_text]<\/p>\n<h2 style=\"text-align: center;\"><strong>\u00bfQu\u00e9 dicen nuestros clientes?<\/strong><\/h2>\n<p>[\/vc_column_text][\/vc_column][vc_column width=&#8221;1\/4&#8243;][\/vc_column][\/vc_row][vc_row gap=&#8221;35&#8243; css=&#8221;.vc_custom_1683037153403{padding-top: 2rem !important;padding-bottom: 2rem !important;}&#8221;][vc_column width=&#8221;7\/12&#8243;][vc_column_text]<\/p>\n<h2>Luc e Ilse Royackers-Melis<\/h2>\n<p>Estimada direcci\u00f3n,<\/p>\n<p>Por este medio, me gustar\u00eda agradecerle el enfoque profesional y la orientaci\u00f3n en nuestra compra de la propiedad que acordamos en Espa\u00f1a durante la primavera.<\/p>\n<p>El primer encuentro en nuestra casa nos dio buenas vibraciones de inmediato. Informativo, tranquilizador y un intercambio de preguntas y respuestas cu\u00e1les eran nuestras necesidades y expectativas. Despu\u00e9s, obtuvimos un buen abanico de posibles unidades residenciales, que estaban a la venta y se ajustaban a nuestro presupuesto y expectativas.<\/p>\n<p>As\u00ed que seguimos el consejo de Hedwig y despu\u00e9s volamos al lugar donde nos recibi\u00f3 Luc Heylens. Su enfoque tras una peque\u00f1a introducci\u00f3n tambi\u00e9n fue una buena experiencia, llev\u00e1ndonos de un proyecto a otro.<\/p>\n<p>Lo bueno es que Luc es un aut\u00e9ntico gu\u00eda y da mucha informaci\u00f3n sobre la regi\u00f3n que atravesamos. Nos gustaron algunos proyectos in situ un poco m\u00e1s que otros, pero Luc (y nosotros tambi\u00e9n) siempre fuimos recibidos calurosamente por el representante de la empresa constructora.<\/p>\n<p>Gracias a los conocimientos de espa\u00f1ol de Luc, cada una de nuestras preguntas fue respondida a la perfecci\u00f3n por el representante como si fuera un int\u00e9rprete. Un segundo d\u00eda transcurri\u00f3 de forma similar y obtuvimos una visi\u00f3n a\u00fan mejor de la situaci\u00f3n, el lugar, la picadura o la regi\u00f3n.<\/p>\n<p>Despu\u00e9s de unos 10 sitios visitados, pronto nos dimos cuenta de que nuestras preferencias estaban entre ellos, as\u00ed que al d\u00eda siguiente, por iniciativa propia, volvimos a ver nuestros tres favoritos. Sobre todo porque Hedwig nos hab\u00eda recomendado centrarnos no s\u00f3lo en la propiedad, sino tambi\u00e9n en la regi\u00f3n o la ubicaci\u00f3n, porque el sentimiento y el clic con el lugar tiene que estar ah\u00ed.<\/p>\n<p>El s\u00e1bado por la tarde, comunicamos a Luc cu\u00e1l era nuestra preferencia para concertar una cita con la empresa constructora elegida para el lunes por la ma\u00f1ana. Un golpe de suerte, porque mientras firm\u00e1bamos nuestro acuerdo, hab\u00eda otros candidatos (tambi\u00e9n belgas) que quer\u00edan venir a firmar la (\u00faltima) unidad residencial de nuestro proyecto. Gracias a la agudeza mental de Luc (y tambi\u00e9n a su experiencia y conocimientos), hicimos una elecci\u00f3n que esperamos disfrutar durante mucho tiempo.<\/p>\n<p>Luc sigui\u00f3 ayud\u00e1ndonos a poner los papeles en orden, incluso para el notario y el abogado y dem\u00e1s una vez que estuvimos de vuelta, lo cual fue muy bien recibido por nosotros. Incluso ahora, nos informan regularmente del estado de nuestro proyecto, teniendo en cuenta que sigue en construcci\u00f3n (estar\u00e1 listo en abril de 2023). Por lo tanto, somos un cliente realmente satisfecho, su forma de trabajar, la sinceridad y los conocimientos que han aportado con dos empleados fant\u00e1sticos, enhorabuena.<\/p>\n<p>Definitivamente les recomendaremos m\u00e1s a partir de nuestra buena experiencia con ustedes.<\/p>\n<p>&nbsp;<\/p>\n<p>Saludos cordiales,<br \/>\nLuc e Ilse Royackers-Melis<br \/>\nMeise[\/vc_column_text][\/vc_column][vc_column width=&#8221;5\/12&#8243;][vc_single_image image=&#8221;19452&#8243; img_size=&#8221;large&#8221;][\/vc_column][\/vc_row][vc_row full_width=&#8221;stretch_row&#8221; gap=&#8221;35&#8243; css=&#8221;.vc_custom_1683046924507{padding-top: 2rem !important;padding-bottom: 2em !important;}&#8221;][vc_column width=&#8221;1\/4&#8243;][\/vc_column][vc_column width=&#8221;1\/2&#8243;][vc_column_text]<\/p>\n<h2 style=\"text-align: center;\"><strong>Algunos clientes satisfechos de nuestra amplia cartera<\/strong><\/h2>\n<p>[\/vc_column_text][\/vc_column][vc_column width=&#8221;1\/4&#8243;][\/vc_column][\/vc_row][vc_row gap=&#8221;35&#8243; css=&#8221;.vc_custom_1683037133062{padding-top: 2rem !important;padding-bottom: 2rem !important;}&#8221;][vc_column width=&#8221;5\/12&#8243;][vc_single_image image=&#8221;19454&#8243; img_size=&#8221;large&#8221;][\/vc_column][vc_column width=&#8221;7\/12&#8243;][vc_column_text]John y Esther pusieron toda su confianza en nuestras manos y compraron con seguridad y buen rollo su sue\u00f1o espa\u00f1ol con vistas al puerto deportivo y al Mar Menor en Costa C\u00e1lida.[\/vc_column_text][\/vc_column][\/vc_row][vc_row gap=&#8221;35&#8243; css=&#8221;.vc_custom_1683037133062{padding-top: 2rem !important;padding-bottom: 2rem !important;}&#8221;][vc_column width=&#8221;7\/12&#8243;][vc_column_text]Gracias a nosotros, Ivo y Belinda encontraron la ubicaci\u00f3n adecuada para que puedan disfrutar de su casa de vacaciones en la costa espa\u00f1ola, a 300 metros del mar, durante el resto de sus vidas.[\/vc_column_text][\/vc_column][vc_column width=&#8221;5\/12&#8243;][vc_single_image image=&#8221;19455&#8243; img_size=&#8221;large&#8221;][\/vc_column][\/vc_row][vc_row gap=&#8221;35&#8243; css=&#8221;.vc_custom_1683037133062{padding-top: 2rem !important;padding-bottom: 2rem !important;}&#8221;][vc_column width=&#8221;5\/12&#8243;][vc_single_image image=&#8221;19456&#8243; img_size=&#8221;large&#8221;][\/vc_column][vc_column width=&#8221;7\/12&#8243;][vc_column_text]Para Frans y Gerda, la confianza lo es todo. Estamos contentos de haber podido cumplir nuestra promesa y satisfacer todas sus necesidades y criterios. Frans y Gerda tienen ahora la oportunidad de escapar del tiempo gris de B\u00e9lgica y disfrutan al m\u00e1ximo de su precioso piso en Guardamar.[\/vc_column_text][\/vc_column][\/vc_row][vc_row gap=&#8221;35&#8243; css=&#8221;.vc_custom_1683037133062{padding-top: 2rem !important;padding-bottom: 2rem !important;}&#8221;][vc_column width=&#8221;7\/12&#8243;][vc_column_text]Luc, nuestro agente inmobiliario en Espa\u00f1a, dedic\u00f3 mucho tiempo a llevar a Evy y Wim a los lugares m\u00e1s bonitos, los chiringuitos m\u00e1s chulos, las playas m\u00e1s bonitas, los restaurantes m\u00e1s agradables y los lugares que eran importantes para Evy y Wim. De este modo, descubrieron las distintas regiones y proyectos de una forma fresca y relajada para saber r\u00e1pidamente qu\u00e9 lugar era el adecuado para ellos. As\u00ed que compraron el piso de sus sue\u00f1os en un lugar donde sentirse como en casa, divertirse y ser felices. \u00a1Y para eso lo hacemos![\/vc_column_text][\/vc_column][vc_column width=&#8221;5\/12&#8243;][vc_single_image image=&#8221;19457&#8243; img_size=&#8221;large&#8221;][\/vc_column][\/vc_row][vc_row gap=&#8221;35&#8243; css=&#8221;.vc_custom_1683037133062{padding-top: 2rem !important;padding-bottom: 2rem !important;}&#8221;][vc_column width=&#8221;5\/12&#8243;][vc_single_image image=&#8221;19458&#8243; img_size=&#8221;large&#8221;][\/vc_column][vc_column width=&#8221;7\/12&#8243;][vc_column_text]Cuando conocimos a Gilbert y Rita, nos dijeron que quer\u00edan instalarse definitivamente en Espa\u00f1a. Para ellos era muy importante encontrar una propiedad y un lugar que cumplieran todos los requisitos para vivir permanentemente en Espa\u00f1a. Y lo que es m\u00e1s importante, quer\u00edan un agente inmobiliario que pudiera y quisiera orientarles plenamente sobre las obligaciones legales y administrativas para emigrar a Espa\u00f1a de forma permanente. Estamos muy satisfechos de haber podido hacer todo esto por Gilbert y Rita.[\/vc_column_text][\/vc_column][\/vc_row]<\/p>\n<\/section>","protected":false},"excerpt":{"rendered":"<p>[vc_row full_width=&#8221;stretch_row&#8221; gap=&#8221;35&#8243; css=&#8221;.vc_custom_1683046877311{padding-top: 2rem !important;padding-bottom: 2em !important;}&#8221;][vc_column width=&#8221;1\/4&#8243;][\/vc_column][vc_column width=&#8221;1\/2&#8243;][vc_column_text] \u00bfQu\u00e9 dicen nuestros clientes? [\/vc_column_text][\/vc_column][vc_column width=&#8221;1\/4&#8243;][\/vc_column][\/vc_row][vc_row gap=&#8221;35&#8243; css=&#8221;.vc_custom_1683037153403{padding-top: 2rem !important;padding-bottom: 2rem !important;}&#8221;][vc_column width=&#8221;7\/12&#8243;][vc_column_text] Luc e Ilse Royackers-Melis Estimada direcci\u00f3n, Por este medio, me gustar\u00eda agradecerle el enfoque profesional y la orientaci\u00f3n en nuestra compra de la propiedad que acordamos en Espa\u00f1a durante la primavera. El [&hellip;]<\/p>\n","protected":false},"author":1,"featured_media":0,"parent":0,"menu_order":0,"comment_status":"closed","ping_status":"closed","template":"template\/template-page.php","meta":{"_monsterinsights_skip_tracking":false,"_monsterinsights_sitenote_active":false,"_monsterinsights_sitenote_note":"","_monsterinsights_sitenote_category":0,"footnotes":""},"class_list":["post-90889","page","type-page","status-publish","hentry"],"yoast_head":"<!-- This site is optimized with the Yoast SEO Premium plugin v21.6 (Yoast SEO v27.4) - https:\/\/yoast.com\/product\/yoast-seo-premium-wordpress\/ -->\n<title>Clientes satisfechos - Immo Mediterraneo<\/title>\n<meta name=\"robots\" content=\"index, follow, max-snippet:-1, max-image-preview:large, max-video-preview:-1\" \/>\n<link rel=\"canonical\" href=\"https:\/\/immomediterraneo.immo\/es\/clientes-satisfechos\/\" \/>\n<meta property=\"og:locale\" content=\"es_ES\" \/>\n<meta property=\"og:type\" content=\"article\" \/>\n<meta property=\"og:title\" content=\"Clientes satisfechos\" \/>\n<meta property=\"og:description\" content=\"[vc_row full_width=&#8221;stretch_row&#8221; gap=&#8221;35&#8243; css=&#8221;.vc_custom_1683046877311{padding-top: 2rem !important;padding-bottom: 2em !important;}&#8221;][vc_column width=&#8221;1\/4&#8243;][\/vc_column][vc_column width=&#8221;1\/2&#8243;][vc_column_text] \u00bfQu\u00e9 dicen nuestros clientes? [\/vc_column_text][\/vc_column][vc_column width=&#8221;1\/4&#8243;][\/vc_column][\/vc_row][vc_row gap=&#8221;35&#8243; css=&#8221;.vc_custom_1683037153403{padding-top: 2rem !important;padding-bottom: 2rem !important;}&#8221;][vc_column width=&#8221;7\/12&#8243;][vc_column_text] Luc e Ilse Royackers-Melis Estimada direcci\u00f3n, Por este medio, me gustar\u00eda agradecerle el enfoque profesional y la orientaci\u00f3n en nuestra compra de la propiedad que acordamos en Espa\u00f1a durante la primavera. El [&hellip;]\" \/>\n<meta property=\"og:url\" content=\"https:\/\/immomediterraneo.immo\/es\/clientes-satisfechos\/\" \/>\n<meta property=\"og:site_name\" content=\"Immo Mediterraneo\" \/>\n<meta property=\"article:publisher\" content=\"http:\/\/@immomediterraneo\" \/>\n<meta property=\"article:modified_time\" content=\"2023-05-18T08:31:12+00:00\" \/>\n<meta name=\"twitter:card\" content=\"summary_large_image\" \/>\n<meta name=\"twitter:label1\" content=\"Tiempo de lectura\" \/>\n\t<meta name=\"twitter:data1\" content=\"6 minutos\" \/>\n<script type=\"application\/ld+json\" class=\"yoast-schema-graph\">{\"@context\":\"https:\\\/\\\/schema.org\",\"@graph\":[{\"@type\":\"WebPage\",\"@id\":\"https:\\\/\\\/immomediterraneo.immo\\\/es\\\/clientes-satisfechos\\\/\",\"url\":\"https:\\\/\\\/immomediterraneo.immo\\\/es\\\/clientes-satisfechos\\\/\",\"name\":\"Clientes satisfechos - Immo Mediterraneo\",\"isPartOf\":{\"@id\":\"https:\\\/\\\/immomediterraneo.immo\\\/es\\\/nl\\\/#website\"},\"datePublished\":\"2023-05-02T16:13:30+00:00\",\"dateModified\":\"2023-05-18T08:31:12+00:00\",\"breadcrumb\":{\"@id\":\"https:\\\/\\\/immomediterraneo.immo\\\/es\\\/clientes-satisfechos\\\/#breadcrumb\"},\"inLanguage\":\"es\",\"potentialAction\":[{\"@type\":\"ReadAction\",\"target\":[\"https:\\\/\\\/immomediterraneo.immo\\\/es\\\/clientes-satisfechos\\\/\"]}]},{\"@type\":\"BreadcrumbList\",\"@id\":\"https:\\\/\\\/immomediterraneo.immo\\\/es\\\/clientes-satisfechos\\\/#breadcrumb\",\"itemListElement\":[{\"@type\":\"ListItem\",\"position\":1,\"name\":\"Home\",\"item\":\"https:\\\/\\\/immomediterraneo.immo\\\/es\\\/?page_id=225714\"},{\"@type\":\"ListItem\",\"position\":2,\"name\":\"Clientes satisfechos\"}]},{\"@type\":\"WebSite\",\"@id\":\"https:\\\/\\\/immomediterraneo.immo\\\/es\\\/nl\\\/#website\",\"url\":\"https:\\\/\\\/immomediterraneo.immo\\\/es\\\/nl\\\/\",\"name\":\"Immo Mediterraneo\",\"description\":\"Uw partner aan de Costa Blanca en Costa Calida\",\"potentialAction\":[{\"@type\":\"SearchAction\",\"target\":{\"@type\":\"EntryPoint\",\"urlTemplate\":\"https:\\\/\\\/immomediterraneo.immo\\\/es\\\/nl\\\/?s={search_term_string}\"},\"query-input\":{\"@type\":\"PropertyValueSpecification\",\"valueRequired\":true,\"valueName\":\"search_term_string\"}}],\"inLanguage\":\"es\"}]}<\/script>\n<!-- \/ Yoast SEO Premium plugin. -->","yoast_head_json":{"title":"Clientes satisfechos - Immo Mediterraneo","robots":{"index":"index","follow":"follow","max-snippet":"max-snippet:-1","max-image-preview":"max-image-preview:large","max-video-preview":"max-video-preview:-1"},"canonical":"https:\/\/immomediterraneo.immo\/es\/clientes-satisfechos\/","og_locale":"es_ES","og_type":"article","og_title":"Clientes satisfechos","og_description":"[vc_row full_width=&#8221;stretch_row&#8221; gap=&#8221;35&#8243; css=&#8221;.vc_custom_1683046877311{padding-top: 2rem !important;padding-bottom: 2em !important;}&#8221;][vc_column width=&#8221;1\/4&#8243;][\/vc_column][vc_column width=&#8221;1\/2&#8243;][vc_column_text] \u00bfQu\u00e9 dicen nuestros clientes? [\/vc_column_text][\/vc_column][vc_column width=&#8221;1\/4&#8243;][\/vc_column][\/vc_row][vc_row gap=&#8221;35&#8243; css=&#8221;.vc_custom_1683037153403{padding-top: 2rem !important;padding-bottom: 2rem !important;}&#8221;][vc_column width=&#8221;7\/12&#8243;][vc_column_text] Luc e Ilse Royackers-Melis Estimada direcci\u00f3n, Por este medio, me gustar\u00eda agradecerle el enfoque profesional y la orientaci\u00f3n en nuestra compra de la propiedad que acordamos en Espa\u00f1a durante la primavera. El [&hellip;]","og_url":"https:\/\/immomediterraneo.immo\/es\/clientes-satisfechos\/","og_site_name":"Immo Mediterraneo","article_publisher":"http:\/\/@immomediterraneo","article_modified_time":"2023-05-18T08:31:12+00:00","twitter_card":"summary_large_image","twitter_misc":{"Tiempo de lectura":"6 minutos"},"schema":{"@context":"https:\/\/schema.org","@graph":[{"@type":"WebPage","@id":"https:\/\/immomediterraneo.immo\/es\/clientes-satisfechos\/","url":"https:\/\/immomediterraneo.immo\/es\/clientes-satisfechos\/","name":"Clientes satisfechos - Immo Mediterraneo","isPartOf":{"@id":"https:\/\/immomediterraneo.immo\/es\/nl\/#website"},"datePublished":"2023-05-02T16:13:30+00:00","dateModified":"2023-05-18T08:31:12+00:00","breadcrumb":{"@id":"https:\/\/immomediterraneo.immo\/es\/clientes-satisfechos\/#breadcrumb"},"inLanguage":"es","potentialAction":[{"@type":"ReadAction","target":["https:\/\/immomediterraneo.immo\/es\/clientes-satisfechos\/"]}]},{"@type":"BreadcrumbList","@id":"https:\/\/immomediterraneo.immo\/es\/clientes-satisfechos\/#breadcrumb","itemListElement":[{"@type":"ListItem","position":1,"name":"Home","item":"https:\/\/immomediterraneo.immo\/es\/?page_id=225714"},{"@type":"ListItem","position":2,"name":"Clientes satisfechos"}]},{"@type":"WebSite","@id":"https:\/\/immomediterraneo.immo\/es\/nl\/#website","url":"https:\/\/immomediterraneo.immo\/es\/nl\/","name":"Immo Mediterraneo","description":"Uw partner aan de Costa Blanca en Costa Calida","potentialAction":[{"@type":"SearchAction","target":{"@type":"EntryPoint","urlTemplate":"https:\/\/immomediterraneo.immo\/es\/nl\/?s={search_term_string}"},"query-input":{"@type":"PropertyValueSpecification","valueRequired":true,"valueName":"search_term_string"}}],"inLanguage":"es"}]}},"_links":{"self":[{"href":"https:\/\/immomediterraneo.immo\/es\/wp-json\/wp\/v2\/pages\/90889","targetHints":{"allow":["GET"]}}],"collection":[{"href":"https:\/\/immomediterraneo.immo\/es\/wp-json\/wp\/v2\/pages"}],"about":[{"href":"https:\/\/immomediterraneo.immo\/es\/wp-json\/wp\/v2\/types\/page"}],"author":[{"embeddable":true,"href":"https:\/\/immomediterraneo.immo\/es\/wp-json\/wp\/v2\/users\/1"}],"replies":[{"embeddable":true,"href":"https:\/\/immomediterraneo.immo\/es\/wp-json\/wp\/v2\/comments?post=90889"}],"version-history":[{"count":2,"href":"https:\/\/immomediterraneo.immo\/es\/wp-json\/wp\/v2\/pages\/90889\/revisions"}],"predecessor-version":[{"id":90891,"href":"https:\/\/immomediterraneo.immo\/es\/wp-json\/wp\/v2\/pages\/90889\/revisions\/90891"}],"wp:attachment":[{"href":"https:\/\/immomediterraneo.immo\/es\/wp-json\/wp\/v2\/media?parent=90889"}],"curies":[{"name":"wp","href":"https:\/\/api.w.org\/{rel}","templated":true}]}}