{"id":90871,"date":"2023-02-28T14:19:51","date_gmt":"2023-02-28T13:19:51","guid":{"rendered":"https:\/\/immomediterraneo.immo\/a-propos-de-nous\/"},"modified":"2023-06-24T14:21:09","modified_gmt":"2023-06-24T12:21:09","slug":"a-propos-de-nous","status":"publish","type":"page","link":"https:\/\/immomediterraneo.immo\/fr\/a-propos-de-nous\/","title":{"rendered":"A propos de nous"},"content":{"rendered":"<section class=\"wpb-content-wrapper\"><p>[vc_row gap=&#8221;35&#8243; css=&#8221;.vc_custom_1683037153403{padding-top: 2rem !important;padding-bottom: 2rem !important;}&#8221;][vc_column width=&#8221;7\/12&#8243;][vc_column_text]<\/p>\n<h2>Pourquoi les clients viennent-ils chez immo mediterraneo ?<\/h2>\n<p>Nous constatons que de nombreuses personnes sont confront\u00e9es aux m\u00eames probl\u00e8mes et s&#8217;adressent \u00e0 nous parce qu&#8217;elles.. ;<\/p>\n<ol>\n<li>sont d\u00e9\u00e7us d&#8217;\u00eatre pouss\u00e9s \u00e0 prendre une d\u00e9cision rapide.<\/li>\n<li>s&#8217;inqui\u00e8tent de savoir s&#8217;ils ach\u00e8tent en toute s\u00e9curit\u00e9 en Espagne, car il n&#8217;est pas fait mention de la collaboration avec un avocat<\/li>\n<li>d\u00e9sillusionn\u00e9s parce qu&#8217;ils ne se sentent pas chez eux dans la r\u00e9gion o\u00f9 ils ont achet\u00e9 leur logement parce qu&#8217;ils n&#8217;ont pas consacr\u00e9 suffisamment de temps \u00e0 la connaissance de la r\u00e9gion.<\/li>\n<\/ol>\n<p><strong>Cela vous semble-t-il familier ?<\/strong>[\/vc_column_text][\/vc_column][vc_column width=&#8221;5\/12&#8243;][vc_single_image image=&#8221;201305&#8243; img_size=&#8221;large&#8221;][\/vc_column][\/vc_row][vc_row gap=&#8221;35&#8243; css=&#8221;.vc_custom_1683037133062{padding-top: 2rem !important;padding-bottom: 2rem !important;}&#8221;][vc_column width=&#8221;5\/12&#8243;][vc_single_image image=&#8221;201309&#8243; img_size=&#8221;large&#8221;][\/vc_column][vc_column width=&#8221;7\/12&#8243;][vc_column_text]<\/p>\n<h2>Pour chaque d\u00e9fi mentionn\u00e9 ci-dessus, nous avons une meilleure approche !<\/h2>\n<p><strong>Agent immobilier agr\u00e9\u00e9<\/strong><\/p>\n<p>L&#8217;\u00e9quipe d&#8217;Immo MEDITERRANEO est compos\u00e9e d&#8217;experts professionnels espagnols sp\u00e9cialis\u00e9s dans les transactions immobili\u00e8res en Espagne, avec un incroyable bagage d&#8217;exp\u00e9rience et une passion pour l&#8217;immobilier espagnol.<\/p>\n<p>La Costa Blanca Sud, la Costa Blanca Nord et la Costa Calida sont nos zones d&#8217;op\u00e9ration bien connues.<\/p>\n<p>Nous travaillons \u00e0 partir d&#8217;une soci\u00e9t\u00e9 immobili\u00e8re agr\u00e9\u00e9e et sommes sous le contr\u00f4le de la f\u00e9d\u00e9ration professionnelle (IPI). En tant que client, vous pouvez donc nous faire confiance \u00e0 100 % lorsque nous vous guidons dans vos achats en Espagne.<\/p>\n<p>Nous nous positionnons en fournissant un service personnalis\u00e9 extraordinaire qui est enti\u00e8rement adapt\u00e9 \u00e0 vous en tant que personne et \u00e0 votre situation personnelle.[\/vc_column_text][\/vc_column][\/vc_row][vc_row full_width=&#8221;stretch_row&#8221; gap=&#8221;35&#8243; css=&#8221;.vc_custom_1683038253938{padding-top: 2rem !important;background-color: #ffffff !important;}&#8221;][vc_column width=&#8221;1\/4&#8243;][\/vc_column][vc_column width=&#8221;1\/2&#8243;][vc_column_text]<\/p>\n<h2 style=\"text-align: center;\"><strong>Notre mission<br \/>\n<\/strong><\/h2>\n<p>[\/vc_column_text][\/vc_column][vc_column width=&#8221;1\/4&#8243;][\/vc_column][\/vc_row][vc_row full_width=&#8221;stretch_row&#8221; gap=&#8221;35&#8243; css=&#8221;.vc_custom_1683038248265{padding-bottom: 2rem !important;background-color: #ffffff !important;}&#8221;][vc_column width=&#8221;1\/2&#8243;][vc_column_text]L&#8217;achat d&#8217;un logement ou d&#8217;un bien d&#8217;investissement ne se fait pas du jour au lendemain. Souvent, un tel achat s&#8217;accompagne de nombreuses questions, quel que soit le type de bien.<\/p>\n<p>Si votre histoire immobili\u00e8re d\u00e9passe les fronti\u00e8res nationales, elle peut rapidement se transformer en un enchev\u00eatrement de r\u00e9glementations confuses et de lois sans pr\u00e9c\u00e9dent.<\/p>\n<p>Cependant, chez Immo MEDITERRANEO, nous sommes convaincus qu&#8217;une transaction immobili\u00e8re en Espagne peut \u00eatre aussi fluide, s\u00fbre et sans risque que l&#8217;achat d&#8217;une maison en Belgique.<\/p>\n<p>Immo MEDITERRANEO offre un soutien et un accompagnement complets afin que vous ayez une certitude \u00e0 100 % et que vous ne soyez pas confront\u00e9 \u00e0 des surprises ou \u00e0 des co\u00fbts inattendus.<\/p>\n<p>Immo MEDITERRANEO vise une transaction immobili\u00e8re 100% d\u00e9tendue, du d\u00e9but jusqu&#8217;\u00e0 la signature de l&#8217;acte chez le notaire.[\/vc_column_text][\/vc_column][vc_column width=&#8221;1\/2&#8243;][vc_column_text]<\/p>\n<h4>R\u00e9seau international<\/h4>\n<p>Immo MEDITERRANEO dispose d&#8217;un vaste r\u00e9seau en Espagne. Nous travaillons avec d&#8217;excellents avocats, autorit\u00e9s et experts.<\/p>\n<h4>Coaching personnel<\/h4>\n<p>De la premi\u00e8re r\u00e9union de pr\u00e9sentation \u00e0 la derni\u00e8re signature du titre de propri\u00e9t\u00e9, Immo MEDITERRANEO est \u00e0 vos c\u00f4t\u00e9s \u00e0 tout moment, adoptant une approche professionnelle et cordiale ax\u00e9e sur les r\u00e9sultats et la satisfaction. Nous visons une d\u00e9charge \u00e0 100 %.<\/p>\n<h4>Soutien juridique et fiscal<\/h4>\n<p>Une connaissance approfondie des r\u00e9glementations juridiques et fiscales \u00e0 l&#8217;\u00e9tranger fait d&#8217;Immo MEDITERRANEO le partenaire de votre histoire immobili\u00e8re. Nos avocats partenaires agr\u00e9\u00e9s vous donnent des conseils sur mesure pour que vous puissiez acheter en toute s\u00e9curit\u00e9 et sans risque.[\/vc_column_text][\/vc_column][\/vc_row][vc_row full_width=&#8221;stretch_row&#8221; gap=&#8221;35&#8243; css=&#8221;.vc_custom_1683038282795{padding-top: 2rem !important;}&#8221;][vc_column width=&#8221;1\/4&#8243;][\/vc_column][vc_column width=&#8221;1\/2&#8243;][vc_column_text]<\/p>\n<h2 class=\"ak-pri-it\" style=\"text-align: center;\"><strong>Vous \u00eates en bonne compagnie !<\/strong><\/h2>\n<p>[\/vc_column_text][\/vc_column][vc_column width=&#8221;1\/4&#8243;][\/vc_column][\/vc_row][vc_row gap=&#8221;35&#8243; css=&#8221;.vc_custom_1683037209511{padding-top: 2rem !important;padding-bottom: 2rem !important;}&#8221;][vc_column width=&#8221;1\/2&#8243;][vc_single_image image=&#8221;201313&#8243; img_size=&#8221;full&#8221;][vc_column_text]Votre point de contact en Belgique<\/p>\n<h3>Hedwig Baens<\/h3>\n<p>+32 475 52 94 47<br \/>\n<a href=\"mailto:hedwig@immomediterraneo.immo\">hedwig@immomediterraneo.immo<\/a><\/p>\n<p>Hedwig a toujours \u00e9t\u00e9 active en tant que conseill\u00e8re et gestionnaire dans l&#8217;industrie financi\u00e8re et l&#8217;immobilier de sant\u00e9. L&#8217;Espagne est sa deuxi\u00e8me maison depuis plus de 20 ans. Sa passion et son enthousiasme pour l&#8217;immobilier espagnol se sont donc \u00e9veill\u00e9s lorsqu&#8217;il a lui-m\u00eame achet\u00e9 un appartement sur la Costa Blanca. Il est donc parfaitement plac\u00e9 pour assurer l&#8217;administration et la coordination entre vous et l&#8217;agent immobilier Luc en Espagne.[\/vc_column_text][\/vc_column][vc_column width=&#8221;1\/2&#8243;][vc_single_image image=&#8221;201317&#8243; img_size=&#8221;full&#8221;][vc_column_text]Votre contact en Espagne<\/p>\n<h3>Luc Heylens<\/h3>\n<p>+32 473 95 87 45<br \/>\n<a href=\"mailto:luc@immomediterraneo.immo\">luc@immomediterraneo.immo<\/a><\/p>\n<p>Trouver la maison de vos r\u00eaves en Espagne est le travail de Luc. Il vit et travaille dans la r\u00e9gion o\u00f9 vous souhaitez acheter. Lui-m\u00eame et sa famille ont \u00e9migr\u00e9 d\u00e9finitivement en Espagne il y a plusieurs ann\u00e9es.<\/p>\n<p>Par cons\u00e9quent, Luc a des ann\u00e9es d&#8217;exp\u00e9rience et de passion pour l&#8217;immobilier en Espagne.<\/p>\n<p>Sa pr\u00e9sence permanente, au centre de la Costa Blanca, lui conf\u00e8re donc une position de d\u00e9part id\u00e9ale et une tr\u00e8s grande connaissance de la r\u00e9gion. Luc fournit une assistance personnelle en Espagne, y compris aupr\u00e8s de toutes les autorit\u00e9s n\u00e9cessaires. Apr\u00e8s votre achat, il continuera \u00e9galement \u00e0 vous guider jusqu&#8217;\u00e0 ce que vous puissiez recevoir les cl\u00e9s de la maison de vos r\u00eaves. Et m\u00eame apr\u00e8s cela, vous pourrez toujours compter sur nous, tant en Espagne qu&#8217;en Belgique. Vous \u00eates en bonne compagnie ![\/vc_column_text][\/vc_column][\/vc_row]<\/p>\n<\/section>","protected":false},"excerpt":{"rendered":"<p>[vc_row gap=&#8221;35&#8243; css=&#8221;.vc_custom_1683037153403{padding-top: 2rem !important;padding-bottom: 2rem !important;}&#8221;][vc_column width=&#8221;7\/12&#8243;][vc_column_text] Pourquoi les clients viennent-ils chez immo mediterraneo ? Nous constatons que de nombreuses personnes sont confront\u00e9es aux m\u00eames probl\u00e8mes et s&#8217;adressent \u00e0 nous parce qu&#8217;elles.. ; sont d\u00e9\u00e7us d&#8217;\u00eatre pouss\u00e9s \u00e0 prendre une d\u00e9cision rapide. s&#8217;inqui\u00e8tent de savoir s&#8217;ils ach\u00e8tent en toute s\u00e9curit\u00e9 en Espagne, car il [&hellip;]<\/p>\n","protected":false},"author":1,"featured_media":0,"parent":0,"menu_order":0,"comment_status":"closed","ping_status":"closed","template":"template\/template-page.php","meta":{"_monsterinsights_skip_tracking":false,"_monsterinsights_sitenote_active":false,"_monsterinsights_sitenote_note":"","_monsterinsights_sitenote_category":0,"footnotes":""},"class_list":["post-90871","page","type-page","status-publish","hentry"],"yoast_head":"<!-- This site is optimized with the Yoast SEO Premium plugin v21.6 (Yoast SEO v27.4) - https:\/\/yoast.com\/product\/yoast-seo-premium-wordpress\/ -->\n<title>A propos de nous - Immo Mediterraneo<\/title>\n<meta name=\"robots\" content=\"index, follow, max-snippet:-1, max-image-preview:large, max-video-preview:-1\" \/>\n<link rel=\"canonical\" href=\"https:\/\/immomediterraneo.immo\/fr\/a-propos-de-nous\/\" \/>\n<meta property=\"og:locale\" content=\"fr_FR\" \/>\n<meta property=\"og:type\" content=\"article\" \/>\n<meta property=\"og:title\" content=\"A propos de nous\" \/>\n<meta property=\"og:description\" content=\"[vc_row gap=&#8221;35&#8243; css=&#8221;.vc_custom_1683037153403{padding-top: 2rem !important;padding-bottom: 2rem !important;}&#8221;][vc_column width=&#8221;7\/12&#8243;][vc_column_text] Pourquoi les clients viennent-ils chez immo mediterraneo ? Nous constatons que de nombreuses personnes sont confront\u00e9es aux m\u00eames probl\u00e8mes et s&#8217;adressent \u00e0 nous parce qu&#8217;elles.. ; sont d\u00e9\u00e7us d&#8217;\u00eatre pouss\u00e9s \u00e0 prendre une d\u00e9cision rapide. s&#8217;inqui\u00e8tent de savoir s&#8217;ils ach\u00e8tent en toute s\u00e9curit\u00e9 en Espagne, car il [&hellip;]\" \/>\n<meta property=\"og:url\" content=\"https:\/\/immomediterraneo.immo\/fr\/a-propos-de-nous\/\" \/>\n<meta property=\"og:site_name\" content=\"Immo Mediterraneo\" \/>\n<meta property=\"article:publisher\" content=\"http:\/\/@immomediterraneo\" \/>\n<meta property=\"article:modified_time\" content=\"2023-06-24T12:21:09+00:00\" \/>\n<meta name=\"twitter:card\" content=\"summary_large_image\" \/>\n<meta name=\"twitter:label1\" content=\"Dur\u00e9e de lecture estim\u00e9e\" \/>\n\t<meta name=\"twitter:data1\" content=\"5 minutes\" \/>\n<script type=\"application\/ld+json\" class=\"yoast-schema-graph\">{\"@context\":\"https:\\\/\\\/schema.org\",\"@graph\":[{\"@type\":\"WebPage\",\"@id\":\"https:\\\/\\\/immomediterraneo.immo\\\/fr\\\/a-propos-de-nous\\\/\",\"url\":\"https:\\\/\\\/immomediterraneo.immo\\\/fr\\\/a-propos-de-nous\\\/\",\"name\":\"A propos de nous - Immo Mediterraneo\",\"isPartOf\":{\"@id\":\"https:\\\/\\\/immomediterraneo.immo\\\/fr\\\/nl\\\/#website\"},\"datePublished\":\"2023-02-28T13:19:51+00:00\",\"dateModified\":\"2023-06-24T12:21:09+00:00\",\"breadcrumb\":{\"@id\":\"https:\\\/\\\/immomediterraneo.immo\\\/fr\\\/a-propos-de-nous\\\/#breadcrumb\"},\"inLanguage\":\"fr-FR\",\"potentialAction\":[{\"@type\":\"ReadAction\",\"target\":[\"https:\\\/\\\/immomediterraneo.immo\\\/fr\\\/a-propos-de-nous\\\/\"]}]},{\"@type\":\"BreadcrumbList\",\"@id\":\"https:\\\/\\\/immomediterraneo.immo\\\/fr\\\/a-propos-de-nous\\\/#breadcrumb\",\"itemListElement\":[{\"@type\":\"ListItem\",\"position\":1,\"name\":\"Home\",\"item\":\"https:\\\/\\\/immomediterraneo.immo\\\/fr\\\/?page_id=225715\"},{\"@type\":\"ListItem\",\"position\":2,\"name\":\"A propos de nous\"}]},{\"@type\":\"WebSite\",\"@id\":\"https:\\\/\\\/immomediterraneo.immo\\\/fr\\\/nl\\\/#website\",\"url\":\"https:\\\/\\\/immomediterraneo.immo\\\/fr\\\/nl\\\/\",\"name\":\"Immo Mediterraneo\",\"description\":\"Uw partner aan de Costa Blanca en Costa Calida\",\"potentialAction\":[{\"@type\":\"SearchAction\",\"target\":{\"@type\":\"EntryPoint\",\"urlTemplate\":\"https:\\\/\\\/immomediterraneo.immo\\\/fr\\\/nl\\\/?s={search_term_string}\"},\"query-input\":{\"@type\":\"PropertyValueSpecification\",\"valueRequired\":true,\"valueName\":\"search_term_string\"}}],\"inLanguage\":\"fr-FR\"}]}<\/script>\n<!-- \/ Yoast SEO Premium plugin. -->","yoast_head_json":{"title":"A propos de nous - Immo Mediterraneo","robots":{"index":"index","follow":"follow","max-snippet":"max-snippet:-1","max-image-preview":"max-image-preview:large","max-video-preview":"max-video-preview:-1"},"canonical":"https:\/\/immomediterraneo.immo\/fr\/a-propos-de-nous\/","og_locale":"fr_FR","og_type":"article","og_title":"A propos de nous","og_description":"[vc_row gap=&#8221;35&#8243; css=&#8221;.vc_custom_1683037153403{padding-top: 2rem !important;padding-bottom: 2rem !important;}&#8221;][vc_column width=&#8221;7\/12&#8243;][vc_column_text] Pourquoi les clients viennent-ils chez immo mediterraneo ? Nous constatons que de nombreuses personnes sont confront\u00e9es aux m\u00eames probl\u00e8mes et s&#8217;adressent \u00e0 nous parce qu&#8217;elles.. ; sont d\u00e9\u00e7us d&#8217;\u00eatre pouss\u00e9s \u00e0 prendre une d\u00e9cision rapide. s&#8217;inqui\u00e8tent de savoir s&#8217;ils ach\u00e8tent en toute s\u00e9curit\u00e9 en Espagne, car il [&hellip;]","og_url":"https:\/\/immomediterraneo.immo\/fr\/a-propos-de-nous\/","og_site_name":"Immo Mediterraneo","article_publisher":"http:\/\/@immomediterraneo","article_modified_time":"2023-06-24T12:21:09+00:00","twitter_card":"summary_large_image","twitter_misc":{"Dur\u00e9e de lecture estim\u00e9e":"5 minutes"},"schema":{"@context":"https:\/\/schema.org","@graph":[{"@type":"WebPage","@id":"https:\/\/immomediterraneo.immo\/fr\/a-propos-de-nous\/","url":"https:\/\/immomediterraneo.immo\/fr\/a-propos-de-nous\/","name":"A propos de nous - Immo Mediterraneo","isPartOf":{"@id":"https:\/\/immomediterraneo.immo\/fr\/nl\/#website"},"datePublished":"2023-02-28T13:19:51+00:00","dateModified":"2023-06-24T12:21:09+00:00","breadcrumb":{"@id":"https:\/\/immomediterraneo.immo\/fr\/a-propos-de-nous\/#breadcrumb"},"inLanguage":"fr-FR","potentialAction":[{"@type":"ReadAction","target":["https:\/\/immomediterraneo.immo\/fr\/a-propos-de-nous\/"]}]},{"@type":"BreadcrumbList","@id":"https:\/\/immomediterraneo.immo\/fr\/a-propos-de-nous\/#breadcrumb","itemListElement":[{"@type":"ListItem","position":1,"name":"Home","item":"https:\/\/immomediterraneo.immo\/fr\/?page_id=225715"},{"@type":"ListItem","position":2,"name":"A propos de nous"}]},{"@type":"WebSite","@id":"https:\/\/immomediterraneo.immo\/fr\/nl\/#website","url":"https:\/\/immomediterraneo.immo\/fr\/nl\/","name":"Immo Mediterraneo","description":"Uw partner aan de Costa Blanca en Costa Calida","potentialAction":[{"@type":"SearchAction","target":{"@type":"EntryPoint","urlTemplate":"https:\/\/immomediterraneo.immo\/fr\/nl\/?s={search_term_string}"},"query-input":{"@type":"PropertyValueSpecification","valueRequired":true,"valueName":"search_term_string"}}],"inLanguage":"fr-FR"}]}},"_links":{"self":[{"href":"https:\/\/immomediterraneo.immo\/fr\/wp-json\/wp\/v2\/pages\/90871","targetHints":{"allow":["GET"]}}],"collection":[{"href":"https:\/\/immomediterraneo.immo\/fr\/wp-json\/wp\/v2\/pages"}],"about":[{"href":"https:\/\/immomediterraneo.immo\/fr\/wp-json\/wp\/v2\/types\/page"}],"author":[{"embeddable":true,"href":"https:\/\/immomediterraneo.immo\/fr\/wp-json\/wp\/v2\/users\/1"}],"replies":[{"embeddable":true,"href":"https:\/\/immomediterraneo.immo\/fr\/wp-json\/wp\/v2\/comments?post=90871"}],"version-history":[{"count":12,"href":"https:\/\/immomediterraneo.immo\/fr\/wp-json\/wp\/v2\/pages\/90871\/revisions"}],"predecessor-version":[{"id":201580,"href":"https:\/\/immomediterraneo.immo\/fr\/wp-json\/wp\/v2\/pages\/90871\/revisions\/201580"}],"wp:attachment":[{"href":"https:\/\/immomediterraneo.immo\/fr\/wp-json\/wp\/v2\/media?parent=90871"}],"curies":[{"name":"wp","href":"https:\/\/api.w.org\/{rel}","templated":true}]}}