{"id":90880,"date":"2023-05-02T17:43:15","date_gmt":"2023-05-02T15:43:15","guid":{"rendered":"https:\/\/immomediterraneo.immo\/nos-services-2\/"},"modified":"2023-05-18T10:24:48","modified_gmt":"2023-05-18T08:24:48","slug":"nos-services-2","status":"publish","type":"page","link":"https:\/\/immomediterraneo.immo\/fr\/nos-services-2\/","title":{"rendered":"Nos services"},"content":{"rendered":"<section class=\"wpb-content-wrapper\"><p>[vc_row full_width=&#8221;stretch_row&#8221; gap=&#8221;35&#8243; css=&#8221;.vc_custom_1683042351351{padding-bottom: 2rem !important;}&#8221;][vc_column width=&#8221;1\/2&#8243;][vc_column_text]Immo MEDITERRANEO est sp\u00e9cialis\u00e9 dans l&#8217;assistance aux particuliers et aux professionnels dans la recherche de leur maison de vacances en Espagne. Quel que soit le type de propri\u00e9t\u00e9 que vous choisirez, Immo MEDITERRANEO vous assistera en vous donnant des conseils juridiques et fiscaux afin que vous puissiez entamer votre voyage de d\u00e9couverte de mani\u00e8re r\u00e9fl\u00e9chie et en toute s\u00e9curit\u00e9. Nous nous occupons de tout, de A \u00e0 Z, dans votre langue. Des ann\u00e9es d&#8217;expertise et un r\u00e9seau \u00e9tendu garantissent que vous \u00eates g\u00e9n\u00e9reusement guid\u00e9 vers un achat s\u00fbr. M\u00eame apr\u00e8s avoir achet\u00e9 la maison de vos r\u00eaves, vous pouvez compter sur nous pendant de nombreuses ann\u00e9es. Commencez votre recherche d\u00e8s aujourd&#8217;hui. Ensemble, nous trouverons le bien id\u00e9al au bon endroit !<\/p>\n<h3>Ce n&#8217;est pas la distance qui compte, mais le premier pas !<\/h3>\n<p>[\/vc_column_text][\/vc_column][vc_column width=&#8221;1\/2&#8243;][vc_column_text]<\/p>\n<h3>Apprendre \u00e0 vous conna\u00eetre<\/h3>\n<p>Chaque client est unique, c&#8217;est pourquoi nous commen\u00e7ons par un premier entretien sans engagement \u00e0 votre domicile.<\/p>\n<p>L&#8217;objectif de cette conversation est de d\u00e9couvrir ce que nous pouvons faire pour vous sp\u00e9cifiquement et nous savons pr\u00e9cis\u00e9ment quels sont vos besoins et vos crit\u00e8res. En m\u00eame temps, vous obtenez des r\u00e9ponses instantan\u00e9es \u00e0 toutes vos questions sur l&#8217;achat d&#8217;une maison de vacances en Espagne.<\/p>\n<h3>S\u00e9lectionner les bonnes propri\u00e9t\u00e9s<\/h3>\n<p>D&#8217;une maison de vacances \u00e0 un simple investissement en Espagne. Immo MEDITERRANEO vous trouvera le bien qui r\u00e9pond \u00e0 vos besoins. Gr\u00e2ce \u00e0 notre vaste r\u00e9seau, nous pouvons vous proposer des propri\u00e9t\u00e9s sur la Costa Blanca Sud et Nord et sur la Costa Calida. Faites-nous savoir ce que vous souhaitez trouver et nous nous ferons un plaisir d&#8217;y r\u00e9pondre.<\/p>\n<h3>Conna\u00eetre son portefeuille<\/h3>\n<p>Votre situation financi\u00e8re est \u00e9galement importante.<\/p>\n<p>Nous vous aiderons \u00e9galement \u00e0 examiner l&#8217;aspect financier de la question. Nous serons heureux de discuter avec vous des possibilit\u00e9s d&#8217;emprunt en Belgique et en Espagne. Si vous souhaitez emprunter en Espagne, nous serons heureux de vous aider. Nous avons d&#8217;excellents contacts avec plusieurs banques espagnoles qui vous aideront dans votre propre langue.[\/vc_column_text][\/vc_column][\/vc_row][vc_row gap=&#8221;35&#8243; css=&#8221;.vc_custom_1683037153403{padding-top: 2rem !important;padding-bottom: 2rem !important;}&#8221;][vc_column width=&#8221;7\/12&#8243;][vc_column_text]<\/p>\n<h2>Organiser un voyage touristique<\/h2>\n<p><strong>Vous souhaitez effectuer des visites en Espagne ?<\/strong><\/p>\n<p>Vous avez tout \u00e0 fait raison ! L&#8217;achat sur la base d&#8217;informations sur internet et de photos est fortement d\u00e9conseill\u00e9. La meilleure fa\u00e7on de choisir et de d\u00e9cider est de venir voir les projets et les r\u00e9gions. Vous devez en faire l&#8217;exp\u00e9rience et le vivre en personne pour savoir quelle propri\u00e9t\u00e9 et quelle r\u00e9gion vous conviennent le mieux.<\/p>\n<p>Ainsi, une fois que nous aurons trouv\u00e9 des maisons de vacances pour vous, nous nous ferons un plaisir d&#8217;aller visiter ces maisons et la r\u00e9gion avec vous.<\/p>\n<p>Immo MEDITERRANEO s&#8217;occupe ensuite de tous les pr\u00e9paratifs du voyage d&#8217;observation, des aspects pratiques et administratifs aux aspects techniques.<\/p>\n<p>Avant de partir, nous s\u00e9lectionnerons ensemble les projets qui correspondent le mieux \u00e0 vos besoins et \u00e0 vos crit\u00e8res. Sur cette base, nous \u00e9tablirons un calendrier pour visiter la r\u00e9gion et les projets que vous avez s\u00e9lectionn\u00e9s. Vous avez besoin d&#8217;aide pour r\u00e9server votre vol et votre h\u00f4tel, nous sommes l\u00e0 pour vous ![\/vc_column_text][\/vc_column][vc_column width=&#8221;5\/12&#8243;][vc_single_image image=&#8221;19444&#8243; img_size=&#8221;large&#8221;][\/vc_column][\/vc_row][vc_row gap=&#8221;35&#8243; css=&#8221;.vc_custom_1683037133062{padding-top: 2rem !important;padding-bottom: 2rem !important;}&#8221;][vc_column width=&#8221;5\/12&#8243;][vc_single_image image=&#8221;19443&#8243; img_size=&#8221;large&#8221;][\/vc_column][vc_column width=&#8221;7\/12&#8243;][vc_column_text]<\/p>\n<h2>La bonne propri\u00e9t\u00e9 au bon endroit<\/h2>\n<p>D\u00e8s que vous posez le pied \u00e0 l&#8217;a\u00e9roport en Espagne, votre voyage de d\u00e9couverte commence !<\/p>\n<p>Luc sera heureux de venir vous chercher \u00e0 l&#8217;a\u00e9roport et de vous conduire \u00e0 votre h\u00f4tel.<\/p>\n<p>Nous commen\u00e7ons toujours les journ\u00e9es de visite par une exploration agr\u00e9able de la r\u00e9gion o\u00f9 nous vous pr\u00e9sentons la vie espagnole.<\/p>\n<p>Pour chaque projet, Luc prend le temps de bien conna\u00eetre la r\u00e9gion, en vous emmenant dans les meilleurs endroits, les bars de plage branch\u00e9s, les plus belles plages, les plus beaux restaurants et les lieux importants qui vous int\u00e9ressent. Vous d\u00e9couvrirez les diff\u00e9rentes r\u00e9gions et les projets de mani\u00e8re ludique et d\u00e9tendue afin de savoir rapidement si vous pouvez vous sentir chez vous ici.<\/p>\n<p>\u00c0 la fin de la journ\u00e9e, vous pourrez vous recueillir sur une terrasse ou autour d&#8217;un bon d\u00eener et vous rem\u00e9morer tout ce que vous avez vu.<\/p>\n<p>Luc agit enti\u00e8rement dans votre int\u00e9r\u00eat et ne vous poussera jamais \u00e0 prendre une d\u00e9cision rapide et imm\u00e9diate afin que vous restiez toujours dans une position confortable. Vous \u00eates suffisamment \u00e2g\u00e9 et sage pour savoir quand vous \u00eates pr\u00eat \u00e0 prendre une d\u00e9cision. De plus, Luc n&#8217;a pas besoin de \u00e7a.<\/p>\n<p>Gr\u00e2ce \u00e0 ses ann\u00e9es d&#8217;exp\u00e9rience, il sait toujours trouver le bon bien au bon endroit.[\/vc_column_text][\/vc_column][\/vc_row][vc_row full_width=&#8221;stretch_row&#8221; gap=&#8221;35&#8243; css=&#8221;.vc_custom_1683042497267{padding-top: 2rem !important;padding-bottom: 2em !important;background-color: #ffffff !important;}&#8221;][vc_column width=&#8221;1\/4&#8243;][\/vc_column][vc_column width=&#8221;1\/2&#8243;][vc_column_text]<\/p>\n<h2 style=\"text-align: center;\"><strong>Quelle est votre boisson espagnole pr\u00e9f\u00e9r\u00e9e ? Cava, caf\u00e9 con leche, caf\u00e9 cortado, cerveza, sangria ou vino ?<\/strong><\/h2>\n<p style=\"text-align: center;\">Nous r\u00e9servons \u00e0 l&#8217;avance une place sur la terrasse<br \/>\nVisez la lune et si vous la ratez, vous finirez quand m\u00eame parmi les \u00e9toiles !<\/p>\n<h2 style=\"text-align: center;\"><strong> <\/strong><\/h2>\n<p>[\/vc_column_text][\/vc_column][vc_column width=&#8221;1\/4&#8243;][\/vc_column][\/vc_row][vc_row gap=&#8221;35&#8243; css=&#8221;.vc_custom_1683037133062{padding-top: 2rem !important;padding-bottom: 2rem !important;}&#8221;][vc_column width=&#8221;1\/2&#8243;][vc_column_text]<\/p>\n<h2>Et vous trouverez la maison de vos r\u00eaves !<\/h2>\n<p>Avant de signer le contrat de vente, Immo MEDITERRANEO examine la situation juridique du bien. L&#8217;am\u00e9nagement urbain ainsi que les avantages et inconv\u00e9nients financiers et fiscaux de la propri\u00e9t\u00e9 sont identifi\u00e9s. Achetez-vous dans le cadre d&#8217;un plan ? Nous v\u00e9rifions ensuite de mani\u00e8re approfondie le profil du promoteur de la construction, notamment en ce qui concerne les permis, les garanties financi\u00e8res, la livraison et le calendrier.<\/p>\n<p>En collaboration avec un cabinet d&#8217;avocats ind\u00e9pendant, nous d\u00e9fendons vos int\u00e9r\u00eats. De plus, toute la communication se fait dans votre propre langue.[\/vc_column_text][\/vc_column][vc_column width=&#8221;1\/2&#8243;][vc_column_text]<\/p>\n<h2>L&#8217;organisation fiscale et juridique<\/h2>\n<p>D&#8217;un point de vue juridique et fiscal, il est \u00e9galement important que les acheteurs soient suffisamment inform\u00e9s de la nature et de l&#8217;\u00e9tendue de l&#8217;activit\u00e9 de l&#8217;entreprise.<\/p>\n<p>les opportunit\u00e9s et les obligations. O\u00f9 payer les frais d&#8217;inscription ? La commission de l&#8217;agent immobilier vous sera-t-elle revers\u00e9e et devrez-vous payer des frais d&#8217;achat aux autorit\u00e9s locales ?<\/p>\n<p>Et bien s\u00fbr, il est \u00e9galement important de savoir si vous pouvez emprunter en Belgique pour acheter une maison de vacances en Espagne ou comment les imp\u00f4ts sont pr\u00e9lev\u00e9s sur les revenus si vous la louez. Si vous avez des souhaits sp\u00e9cifiques concernant l&#8217;achat de votre partenariat, la donation, l&#8217;h\u00e9ritage ou l&#8217;achat fractionn\u00e9 de votre propri\u00e9t\u00e9 espagnole, cela peut certainement \u00eatre arrang\u00e9 pour vous.<\/p>\n<p>Autant de questions pour lesquelles Immo MEDITERRANEO vous conseille et vous assiste.[\/vc_column_text][\/vc_column][\/vc_row][vc_row full_width=&#8221;stretch_row&#8221; gap=&#8221;35&#8243; css=&#8221;.vc_custom_1683042677393{padding-top: 2rem !important;padding-bottom: 2em !important;}&#8221;][vc_column width=&#8221;1\/6&#8243;][\/vc_column][vc_column width=&#8221;4\/6&#8243;][vc_single_image image=&#8221;19437&#8243; img_size=&#8221;full&#8221; alignment=&#8221;center&#8221;][\/vc_column][vc_column width=&#8221;1\/6&#8243;][\/vc_column][\/vc_row][vc_row gap=&#8221;35&#8243; css=&#8221;.vc_custom_1683037133062{padding-top: 2rem !important;padding-bottom: 2rem !important;}&#8221;][vc_column width=&#8221;1\/2&#8243;][vc_column_text]<\/p>\n<h2>Important<\/h2>\n<p>Le r\u00f4le du notaire varie d&#8217;un pays \u00e0 l&#8217;autre et n&#8217;est pas le m\u00eame partout. Il est donc tr\u00e8s important d&#8217;effectuer une \u00e9tude pr\u00e9liminaire et de disposer d&#8217;un rapport d\u00e9taill\u00e9 du bien afin d&#8217;\u00eatre s\u00fbr \u00e0 100 % que tout est en ordre avant de signer. Pour cela, vous pouvez vous adresser \u00e0 Immo MEDITERRANEO.<\/p>\n<h2>Suivi du site<\/h2>\n<p>Si vous choisissez un logement de vacances qui est encore en construction, il est important de faire appel \u00e0 des experts professionnels pour superviser le chantier. Si vous le souhaitez, vous pouvez venir jeter un coup d&#8217;\u0153il r\u00e9guli\u00e8rement, mais ce n&#8217;est pas n\u00e9cessaire. Vous pouvez regarder cela tranquillement depuis votre si\u00e8ge. Le courtier\/gestionnaire Luc assure personnellement le suivi du chantier et vous envoie r\u00e9guli\u00e8rement des photos de l&#8217;avancement des travaux. De plus, vous pouvez toujours le contacter si vous avez des questions.[\/vc_column_text][\/vc_column][vc_column width=&#8221;1\/2&#8243;][vc_column_text]<\/p>\n<h2>Votre maison est pr\u00eate, oui !<\/h2>\n<p>Avant l&#8217;\u00e9tablissement de l&#8217;acte, Luc effectue le contr\u00f4le final lui-m\u00eame ou avec vous si vous le souhaitez. Le bien est examin\u00e9 pour d\u00e9tecter d&#8217;\u00e9ventuels d\u00e9fauts et probl\u00e8mes qui ont tendance \u00e0 \u00eatre n\u00e9glig\u00e9s. Ce n&#8217;est que si tout est en ordre qu&#8217;il donnera le feu vert pour endosser l&#8217;acte notari\u00e9. Dans le cas contraire, il veillera \u00e0 ce que ce qui doit encore \u00eatre mis en ordre soit ex\u00e9cut\u00e9.<\/p>\n<p>Si vous devez encore meubler l&#8217;appartement, Luc vous indiquera o\u00f9 trouver de beaux meubles \u00e0 des prix int\u00e9ressants. Nous nous occuperons \u00e9galement du raccordement \u00e0 l&#8217;\u00e9lectricit\u00e9, \u00e0 l&#8217;eau et \u00e0 l&#8217;internet et vous recevrez les cl\u00e9s de votre maison de r\u00eave espagnole.<\/p>\n<p>Il ne vous reste plus qu&#8217;\u00e0 en profiter ![\/vc_column_text][\/vc_column][\/vc_row][vc_row gap=&#8221;35&#8243; css=&#8221;.vc_custom_1683037153403{padding-top: 2rem !important;padding-bottom: 2rem !important;}&#8221;][vc_column width=&#8221;5\/12&#8243;][vc_single_image image=&#8221;19441&#8243; img_size=&#8221;large&#8221;][\/vc_column][vc_column width=&#8221;7\/12&#8243;][vc_column_text]<\/p>\n<h2>Un service plus que standard<\/h2>\n<p>Apr\u00e8s l&#8217;achat de votre maison de vacances, vous pouvez toujours compter sur nous, tant en Espagne qu&#8217;en Belgique, pour.. :<\/p>\n<ul>\n<li>Comment et quand d\u00e9poser la d\u00e9claration en Belgique<\/li>\n<li>Aide \u00e0 l&#8217;administration fiscale en Espagne<\/li>\n<li>L&#8217;achat, l&#8217;inspection et l&#8217;immatriculation d&#8217;une voiture ou d&#8217;une moto<\/li>\n<li>Aide \u00e0 la location de votre bien<\/li>\n<li>Gestion des cl\u00e9s et services de nettoyage<\/li>\n<li>Un service de bricolage<\/li>\n<li>O\u00f9 s&#8217;adresser pour l&#8217;assurance<\/li>\n<li>Comment s&#8217;y retrouver si l&#8217;on souhaite ouvrir un compte bancaire en Espagne<\/li>\n<li>Etc&#8230;<\/li>\n<\/ul>\n<p>Et ce LONG !<\/p>\n<h2>Vous \u00eates en bonne compagnie !<\/h2>\n<p>[\/vc_column_text][\/vc_column][\/vc_row][vc_row gap=&#8221;35&#8243; css=&#8221;.vc_custom_1683037153403{padding-top: 2rem !important;padding-bottom: 2rem !important;}&#8221;][vc_column width=&#8221;7\/12&#8243;][vc_column_text]<\/p>\n<h2>Vivez votre r\u00eave !<\/h2>\n<p><strong>Enthousiaste ? Alors, travaillons-y ensemble !<\/strong><\/p>\n<p>Parce que vous \u00eates unique, nous commen\u00e7ons par une pr\u00e9sentation sans engagement. L&#8217;objectif de cette conversation est de d\u00e9couvrir ce que nous pouvons faire pour vous sp\u00e9cifiquement et nous savons pr\u00e9cis\u00e9ment quels sont vos besoins et vos crit\u00e8res. En m\u00eame temps, vous obtenez des r\u00e9ponses instantan\u00e9es \u00e0 toutes vos questions sur l&#8217;achat d&#8217;une maison de vacances en Espagne.<\/p>\n<p>En outre, un voyage d&#8217;observation n&#8217;est jamais du temps perdu.<\/p>\n<h4>Vous ne trouvez pas le bon bien au bon endroit \u00e0 ce moment-l\u00e0 ?<\/h4>\n<p>Tr\u00e8s bien, nous continuerons \u00e0 travailler pour vous afin de trouver la bonne propri\u00e9t\u00e9 dans une autre r\u00e9gion.<\/p>\n<h4>N&#8217;est-ce pas finalement ce que vous attendiez ?<\/h4>\n<p>Nous en restons l\u00e0 et buvons une sangria en l&#8217;honneur de notre connaissance et du bon temps que nous avons pass\u00e9.<\/p>\n<p>Et si vous avez trouv\u00e9 la propri\u00e9t\u00e9 \u00e0 l&#8217;endroit o\u00f9 votre intuition vous dit que c&#8217;est la bonne et qu&#8217;elle correspond parfaitement \u00e0 vos crit\u00e8res et \u00e0 vos souhaits, alors vous serez heureux d&#8217;\u00eatre venu en Espagne.[\/vc_column_text][\/vc_column][vc_column width=&#8221;5\/12&#8243;][vc_single_image image=&#8221;19442&#8243; img_size=&#8221;large&#8221;][\/vc_column][\/vc_row][vc_row full_width=&#8221;stretch_row&#8221; gap=&#8221;35&#8243; css=&#8221;.vc_custom_1683043145596{padding-top: 2rem !important;padding-bottom: 2em !important;}&#8221;][vc_column width=&#8221;1\/6&#8243;][\/vc_column][vc_column width=&#8221;4\/6&#8243;][vc_column_text]<\/p>\n<h2 style=\"text-align: center;\">&#8221; Un jour, vous vous r\u00e9veillez et vous n&#8217;avez pas le temps de faire les choses dont vous avez toujours r\u00eav\u00e9. Faites-les maintenant ! &#8220;<\/h2>\n<p style=\"text-align: center;\">Paulo coelho<\/p>\n<p>[\/vc_column_text][\/vc_column][vc_column width=&#8221;1\/6&#8243;][\/vc_column][\/vc_row]<\/p>\n<\/section>","protected":false},"excerpt":{"rendered":"<p>[vc_row full_width=&#8221;stretch_row&#8221; gap=&#8221;35&#8243; css=&#8221;.vc_custom_1683042351351{padding-bottom: 2rem !important;}&#8221;][vc_column width=&#8221;1\/2&#8243;][vc_column_text]Immo MEDITERRANEO est sp\u00e9cialis\u00e9 dans l&#8217;assistance aux particuliers et aux professionnels dans la recherche de leur maison de vacances en Espagne. Quel que soit le type de propri\u00e9t\u00e9 que vous choisirez, Immo MEDITERRANEO vous assistera en vous donnant des conseils juridiques et fiscaux afin que vous puissiez entamer votre [&hellip;]<\/p>\n","protected":false},"author":1,"featured_media":0,"parent":0,"menu_order":0,"comment_status":"closed","ping_status":"closed","template":"template\/template-page.php","meta":{"_monsterinsights_skip_tracking":false,"_monsterinsights_sitenote_active":false,"_monsterinsights_sitenote_note":"","_monsterinsights_sitenote_category":0,"footnotes":""},"class_list":["post-90880","page","type-page","status-publish","hentry"],"yoast_head":"<!-- This site is optimized with the Yoast SEO Premium plugin v21.6 (Yoast SEO v27.4) - https:\/\/yoast.com\/product\/yoast-seo-premium-wordpress\/ -->\n<title>Nos services - Immo Mediterraneo<\/title>\n<meta name=\"robots\" content=\"index, follow, max-snippet:-1, max-image-preview:large, max-video-preview:-1\" \/>\n<link rel=\"canonical\" href=\"https:\/\/immomediterraneo.immo\/fr\/nos-services-2\/\" \/>\n<meta property=\"og:locale\" content=\"fr_FR\" \/>\n<meta property=\"og:type\" content=\"article\" \/>\n<meta property=\"og:title\" content=\"Nos services\" \/>\n<meta property=\"og:description\" content=\"[vc_row full_width=&#8221;stretch_row&#8221; gap=&#8221;35&#8243; css=&#8221;.vc_custom_1683042351351{padding-bottom: 2rem !important;}&#8221;][vc_column width=&#8221;1\/2&#8243;][vc_column_text]Immo MEDITERRANEO est sp\u00e9cialis\u00e9 dans l&#8217;assistance aux particuliers et aux professionnels dans la recherche de leur maison de vacances en Espagne. Quel que soit le type de propri\u00e9t\u00e9 que vous choisirez, Immo MEDITERRANEO vous assistera en vous donnant des conseils juridiques et fiscaux afin que vous puissiez entamer votre [&hellip;]\" \/>\n<meta property=\"og:url\" content=\"https:\/\/immomediterraneo.immo\/fr\/nos-services-2\/\" \/>\n<meta property=\"og:site_name\" content=\"Immo Mediterraneo\" \/>\n<meta property=\"article:publisher\" content=\"http:\/\/@immomediterraneo\" \/>\n<meta property=\"article:modified_time\" content=\"2023-05-18T08:24:48+00:00\" \/>\n<meta name=\"twitter:card\" content=\"summary_large_image\" \/>\n<meta name=\"twitter:label1\" content=\"Dur\u00e9e de lecture estim\u00e9e\" \/>\n\t<meta name=\"twitter:data1\" content=\"10 minutes\" \/>\n<script type=\"application\/ld+json\" class=\"yoast-schema-graph\">{\"@context\":\"https:\\\/\\\/schema.org\",\"@graph\":[{\"@type\":\"WebPage\",\"@id\":\"https:\\\/\\\/immomediterraneo.immo\\\/fr\\\/nos-services-2\\\/\",\"url\":\"https:\\\/\\\/immomediterraneo.immo\\\/fr\\\/nos-services-2\\\/\",\"name\":\"Nos services - Immo Mediterraneo\",\"isPartOf\":{\"@id\":\"https:\\\/\\\/immomediterraneo.immo\\\/fr\\\/nl\\\/#website\"},\"datePublished\":\"2023-05-02T15:43:15+00:00\",\"dateModified\":\"2023-05-18T08:24:48+00:00\",\"breadcrumb\":{\"@id\":\"https:\\\/\\\/immomediterraneo.immo\\\/fr\\\/nos-services-2\\\/#breadcrumb\"},\"inLanguage\":\"fr-FR\",\"potentialAction\":[{\"@type\":\"ReadAction\",\"target\":[\"https:\\\/\\\/immomediterraneo.immo\\\/fr\\\/nos-services-2\\\/\"]}]},{\"@type\":\"BreadcrumbList\",\"@id\":\"https:\\\/\\\/immomediterraneo.immo\\\/fr\\\/nos-services-2\\\/#breadcrumb\",\"itemListElement\":[{\"@type\":\"ListItem\",\"position\":1,\"name\":\"Home\",\"item\":\"https:\\\/\\\/immomediterraneo.immo\\\/fr\\\/?page_id=225715\"},{\"@type\":\"ListItem\",\"position\":2,\"name\":\"Nos services\"}]},{\"@type\":\"WebSite\",\"@id\":\"https:\\\/\\\/immomediterraneo.immo\\\/fr\\\/nl\\\/#website\",\"url\":\"https:\\\/\\\/immomediterraneo.immo\\\/fr\\\/nl\\\/\",\"name\":\"Immo Mediterraneo\",\"description\":\"Uw partner aan de Costa Blanca en Costa Calida\",\"potentialAction\":[{\"@type\":\"SearchAction\",\"target\":{\"@type\":\"EntryPoint\",\"urlTemplate\":\"https:\\\/\\\/immomediterraneo.immo\\\/fr\\\/nl\\\/?s={search_term_string}\"},\"query-input\":{\"@type\":\"PropertyValueSpecification\",\"valueRequired\":true,\"valueName\":\"search_term_string\"}}],\"inLanguage\":\"fr-FR\"}]}<\/script>\n<!-- \/ Yoast SEO Premium plugin. -->","yoast_head_json":{"title":"Nos services - Immo Mediterraneo","robots":{"index":"index","follow":"follow","max-snippet":"max-snippet:-1","max-image-preview":"max-image-preview:large","max-video-preview":"max-video-preview:-1"},"canonical":"https:\/\/immomediterraneo.immo\/fr\/nos-services-2\/","og_locale":"fr_FR","og_type":"article","og_title":"Nos services","og_description":"[vc_row full_width=&#8221;stretch_row&#8221; gap=&#8221;35&#8243; css=&#8221;.vc_custom_1683042351351{padding-bottom: 2rem !important;}&#8221;][vc_column width=&#8221;1\/2&#8243;][vc_column_text]Immo MEDITERRANEO est sp\u00e9cialis\u00e9 dans l&#8217;assistance aux particuliers et aux professionnels dans la recherche de leur maison de vacances en Espagne. Quel que soit le type de propri\u00e9t\u00e9 que vous choisirez, Immo MEDITERRANEO vous assistera en vous donnant des conseils juridiques et fiscaux afin que vous puissiez entamer votre [&hellip;]","og_url":"https:\/\/immomediterraneo.immo\/fr\/nos-services-2\/","og_site_name":"Immo Mediterraneo","article_publisher":"http:\/\/@immomediterraneo","article_modified_time":"2023-05-18T08:24:48+00:00","twitter_card":"summary_large_image","twitter_misc":{"Dur\u00e9e de lecture estim\u00e9e":"10 minutes"},"schema":{"@context":"https:\/\/schema.org","@graph":[{"@type":"WebPage","@id":"https:\/\/immomediterraneo.immo\/fr\/nos-services-2\/","url":"https:\/\/immomediterraneo.immo\/fr\/nos-services-2\/","name":"Nos services - Immo Mediterraneo","isPartOf":{"@id":"https:\/\/immomediterraneo.immo\/fr\/nl\/#website"},"datePublished":"2023-05-02T15:43:15+00:00","dateModified":"2023-05-18T08:24:48+00:00","breadcrumb":{"@id":"https:\/\/immomediterraneo.immo\/fr\/nos-services-2\/#breadcrumb"},"inLanguage":"fr-FR","potentialAction":[{"@type":"ReadAction","target":["https:\/\/immomediterraneo.immo\/fr\/nos-services-2\/"]}]},{"@type":"BreadcrumbList","@id":"https:\/\/immomediterraneo.immo\/fr\/nos-services-2\/#breadcrumb","itemListElement":[{"@type":"ListItem","position":1,"name":"Home","item":"https:\/\/immomediterraneo.immo\/fr\/?page_id=225715"},{"@type":"ListItem","position":2,"name":"Nos services"}]},{"@type":"WebSite","@id":"https:\/\/immomediterraneo.immo\/fr\/nl\/#website","url":"https:\/\/immomediterraneo.immo\/fr\/nl\/","name":"Immo Mediterraneo","description":"Uw partner aan de Costa Blanca en Costa Calida","potentialAction":[{"@type":"SearchAction","target":{"@type":"EntryPoint","urlTemplate":"https:\/\/immomediterraneo.immo\/fr\/nl\/?s={search_term_string}"},"query-input":{"@type":"PropertyValueSpecification","valueRequired":true,"valueName":"search_term_string"}}],"inLanguage":"fr-FR"}]}},"_links":{"self":[{"href":"https:\/\/immomediterraneo.immo\/fr\/wp-json\/wp\/v2\/pages\/90880","targetHints":{"allow":["GET"]}}],"collection":[{"href":"https:\/\/immomediterraneo.immo\/fr\/wp-json\/wp\/v2\/pages"}],"about":[{"href":"https:\/\/immomediterraneo.immo\/fr\/wp-json\/wp\/v2\/types\/page"}],"author":[{"embeddable":true,"href":"https:\/\/immomediterraneo.immo\/fr\/wp-json\/wp\/v2\/users\/1"}],"replies":[{"embeddable":true,"href":"https:\/\/immomediterraneo.immo\/fr\/wp-json\/wp\/v2\/comments?post=90880"}],"version-history":[{"count":2,"href":"https:\/\/immomediterraneo.immo\/fr\/wp-json\/wp\/v2\/pages\/90880\/revisions"}],"predecessor-version":[{"id":90882,"href":"https:\/\/immomediterraneo.immo\/fr\/wp-json\/wp\/v2\/pages\/90880\/revisions\/90882"}],"wp:attachment":[{"href":"https:\/\/immomediterraneo.immo\/fr\/wp-json\/wp\/v2\/media?parent=90880"}],"curies":[{"name":"wp","href":"https:\/\/api.w.org\/{rel}","templated":true}]}}