{"id":90886,"date":"2023-05-02T18:13:30","date_gmt":"2023-05-02T16:13:30","guid":{"rendered":"https:\/\/immomediterraneo.immo\/des-clients-satisfaits\/"},"modified":"2023-05-18T10:30:36","modified_gmt":"2023-05-18T08:30:36","slug":"des-clients-satisfaits","status":"publish","type":"page","link":"https:\/\/immomediterraneo.immo\/fr\/des-clients-satisfaits\/","title":{"rendered":"Des clients satisfaits"},"content":{"rendered":"<section class=\"wpb-content-wrapper\"><p>[vc_row full_width=&#8221;stretch_row&#8221; gap=&#8221;35&#8243; css=&#8221;.vc_custom_1683046877311{padding-top: 2rem !important;padding-bottom: 2em !important;}&#8221;][vc_column width=&#8221;1\/4&#8243;][\/vc_column][vc_column width=&#8221;1\/2&#8243;][vc_column_text]<\/p>\n<h2 style=\"text-align: center;\"><strong>Que disent nos clients ?<\/strong><\/h2>\n<p>[\/vc_column_text][\/vc_column][vc_column width=&#8221;1\/4&#8243;][\/vc_column][\/vc_row][vc_row gap=&#8221;35&#8243; css=&#8221;.vc_custom_1683037153403{padding-top: 2rem !important;padding-bottom: 2rem !important;}&#8221;][vc_column width=&#8221;7\/12&#8243;][vc_column_text]<\/p>\n<h2>Luc et Ilse Royackers-Melis<\/h2>\n<p>Ch\u00e8re direction,<\/p>\n<p>Je tiens ainsi \u00e0 vous remercier pour votre approche professionnelle et vos conseils lors de l&#8217;achat de la propri\u00e9t\u00e9 dont nous avions convenu en Espagne au printemps.<\/p>\n<p>Notre premi\u00e8re rencontre \u00e0 notre domicile nous a imm\u00e9diatement donn\u00e9 un bon sentiment. Informative, rassurante et un \u00e9change de questions et de r\u00e9ponses sur nos besoins et nos attentes. Par la suite, nous avons obtenu un bel \u00e9ventail d&#8217;unit\u00e9s r\u00e9sidentielles possibles, qui \u00e9taient \u00e0 vendre et qui correspondaient \u00e0 notre budget et \u00e0 nos attentes.<\/p>\n<p>Nous avons donc suivi les conseils d&#8217;Hedwig et avons ensuite vol\u00e9 sur place o\u00f9 Luc Heylens nous a re\u00e7us. Son approche, apr\u00e8s une petite introduction, a \u00e9galement \u00e9t\u00e9 une belle exp\u00e9rience, nous conduisant d&#8217;un projet \u00e0 l&#8217;autre.<\/p>\n<p>Ce qui est bien, c&#8217;est que Luc est un vrai guide et qu&#8217;il donne beaucoup d&#8217;informations sur la r\u00e9gion que nous avons travers\u00e9e. Nous avons appr\u00e9ci\u00e9 certains projets sur place un peu plus que d&#8217;autres, mais Luc (et nous aussi) avons toujours \u00e9t\u00e9 chaleureusement accueillis par le repr\u00e9sentant de l&#8217;entreprise de construction.<\/p>\n<p>Gr\u00e2ce \u00e0 l&#8217;expertise en langue espagnole de Luc, le repr\u00e9sentant a r\u00e9pondu \u00e0 toutes nos questions de mani\u00e8re impeccable, \u00e0 la mani\u00e8re d&#8217;un interpr\u00e8te. Un deuxi\u00e8me jour s&#8217;est d\u00e9roul\u00e9 de la m\u00eame mani\u00e8re et nous avons eu une meilleure vision de la situation, de l&#8217;endroit, de la piq\u00fbre ou de la r\u00e9gion.<\/p>\n<p>Apr\u00e8s une dizaine de sites visit\u00e9s, nous nous sommes vite rendu compte que notre pr\u00e9f\u00e9rence allait \u00e0 l&#8217;un d&#8217;entre eux et le lendemain, de notre propre initiative, nous sommes retourn\u00e9s voir nos trois pr\u00e9f\u00e9r\u00e9s. D&#8217;autant plus qu&#8217;Hedwig nous avait recommand\u00e9 de nous concentrer non seulement sur le bien, mais aussi sur la r\u00e9gion ou le lieu, car le sentiment et le d\u00e9clic avec l&#8217;endroit doivent \u00eatre pr\u00e9sents.<\/p>\n<p>Le samedi apr\u00e8s-midi, nous avons inform\u00e9 Luc de notre pr\u00e9f\u00e9rence pour fixer un rendez-vous avec l&#8217;entreprise de construction choisie pour le lundi matin. Une chance, car pendant que nous signions notre contrat, d&#8217;autres candidats (belges eux aussi) voulaient venir signer notre (derni\u00e8re) unit\u00e9 r\u00e9sidentielle de notre projet. Gr\u00e2ce \u00e0 la vigilance de Luc (mais aussi \u00e0 son exp\u00e9rience et \u00e0 ses connaissances), nous avons fait un choix dont nous esp\u00e9rons profiter longtemps.<\/p>\n<p>Luc a continu\u00e9 \u00e0 nous aider \u00e0 mettre de l&#8217;ordre dans les papiers, y compris pour le notaire et l&#8217;avocat, etc. une fois que nous sommes revenus, ce qui a \u00e9t\u00e9 tr\u00e8s appr\u00e9ciable pour nous. Aujourd&#8217;hui encore, nous sommes r\u00e9guli\u00e8rement inform\u00e9s de l&#8217;\u00e9tat d&#8217;avancement de notre projet, \u00e9tant donn\u00e9 qu&#8217;il est toujours en cours de construction (pr\u00eat en avril 2023). Nous sommes donc un client tr\u00e8s satisfait, de votre fa\u00e7on de travailler, de la sinc\u00e9rit\u00e9 et des connaissances que vous avez apport\u00e9es avec deux employ\u00e9s fantastiques, f\u00e9licitations.<\/p>\n<p>Nous ne manquerons pas de vous recommander \u00e0 la suite de notre bonne exp\u00e9rience avec vous.<\/p>\n<p>&nbsp;<\/p>\n<p>Je vous prie d&#8217;agr\u00e9er, Madame, Monsieur, l&#8217;expression de mes salutations distingu\u00e9es,<br \/>\nLuc et Ilse Royackers-Melis<br \/>\nMeise[\/vc_column_text][\/vc_column][vc_column width=&#8221;5\/12&#8243;][vc_single_image image=&#8221;19452&#8243; img_size=&#8221;large&#8221;][\/vc_column][\/vc_row][vc_row full_width=&#8221;stretch_row&#8221; gap=&#8221;35&#8243; css=&#8221;.vc_custom_1683046924507{padding-top: 2rem !important;padding-bottom: 2em !important;}&#8221;][vc_column width=&#8221;1\/4&#8243;][\/vc_column][vc_column width=&#8221;1\/2&#8243;][vc_column_text]<\/p>\n<h2 style=\"text-align: center;\"><strong>Quelques autres clients satisfaits de notre large base de clients<\/strong><\/h2>\n<p>[\/vc_column_text][\/vc_column][vc_column width=&#8221;1\/4&#8243;][\/vc_column][\/vc_row][vc_row gap=&#8221;35&#8243; css=&#8221;.vc_custom_1683037133062{padding-top: 2rem !important;padding-bottom: 2rem !important;}&#8221;][vc_column width=&#8221;5\/12&#8243;][vc_single_image image=&#8221;19454&#8243; img_size=&#8221;large&#8221;][\/vc_column][vc_column width=&#8221;7\/12&#8243;][vc_column_text]John et Esther nous ont fait enti\u00e8rement confiance et ont achet\u00e9 en toute s\u00e9curit\u00e9 et avec un bon sentiment leur r\u00eave espagnol avec vue sur la marina et la Mar Menor \u00e0 Costa Calida.[\/vc_column_text][\/vc_column][\/vc_row][vc_row gap=&#8221;35&#8243; css=&#8221;.vc_custom_1683037133062{padding-top: 2rem !important;padding-bottom: 2rem !important;}&#8221;][vc_column width=&#8221;7\/12&#8243;][vc_column_text]Gr\u00e2ce \u00e0 nous, Ivo et Belinda ont trouv\u00e9 l&#8217;endroit id\u00e9al pour profiter de leur maison de vacances sur la c\u00f4te espagnole, \u00e0 300 m\u00e8tres de la mer, pour le reste de leur vie.[\/vc_column_text][\/vc_column][vc_column width=&#8221;5\/12&#8243;][vc_single_image image=&#8221;19455&#8243; img_size=&#8221;large&#8221;][\/vc_column][\/vc_row][vc_row gap=&#8221;35&#8243; css=&#8221;.vc_custom_1683037133062{padding-top: 2rem !important;padding-bottom: 2rem !important;}&#8221;][vc_column width=&#8221;5\/12&#8243;][vc_single_image image=&#8221;19456&#8243; img_size=&#8221;large&#8221;][\/vc_column][vc_column width=&#8221;7\/12&#8243;][vc_column_text]Pour Frans et Gerda, la confiance est essentielle ! Nous sommes heureux d&#8217;avoir pu tenir notre promesse et de r\u00e9pondre \u00e0 tous leurs besoins et crit\u00e8res. Frans et Gerda ont d\u00e9sormais la possibilit\u00e9 d&#8217;\u00e9chapper au temps gris de la Belgique et profitent pleinement de leur bel appartement \u00e0 Guardamar.[\/vc_column_text][\/vc_column][\/vc_row][vc_row gap=&#8221;35&#8243; css=&#8221;.vc_custom_1683037133062{padding-top: 2rem !important;padding-bottom: 2rem !important;}&#8221;][vc_column width=&#8221;7\/12&#8243;][vc_column_text]Luc, notre agent immobilier en Espagne, a pris le temps d&#8217;emmener Evy et Wim dans les endroits les plus agr\u00e9ables, les bars de plage branch\u00e9s, les plus belles plages, les meilleurs restaurants et les endroits qui \u00e9taient importants pour Evy et Wim. De cette mani\u00e8re, ils ont d\u00e9couvert les diff\u00e9rentes r\u00e9gions et les diff\u00e9rents projets d&#8217;une mani\u00e8re cool et d\u00e9contract\u00e9e afin de savoir rapidement quel endroit leur convenait le mieux. Ils ont donc achet\u00e9 l&#8217;appartement de leurs r\u00eaves dans un endroit o\u00f9 ils peuvent se sentir chez eux, s&#8217;amuser et \u00eatre heureux. Et c&#8217;est pour cela que nous le faisons ![\/vc_column_text][\/vc_column][vc_column width=&#8221;5\/12&#8243;][vc_single_image image=&#8221;19457&#8243; img_size=&#8221;large&#8221;][\/vc_column][\/vc_row][vc_row gap=&#8221;35&#8243; css=&#8221;.vc_custom_1683037133062{padding-top: 2rem !important;padding-bottom: 2rem !important;}&#8221;][vc_column width=&#8221;5\/12&#8243;][vc_single_image image=&#8221;19458&#8243; img_size=&#8221;large&#8221;][\/vc_column][vc_column width=&#8221;7\/12&#8243;][vc_column_text]Lorsque nous avons rencontr\u00e9 Gilbert et Rita, ils nous ont dit qu&#8217;ils voulaient s&#8217;installer d\u00e9finitivement en Espagne. L&#8217;important pour eux \u00e9tait de trouver une propri\u00e9t\u00e9 et un lieu qui r\u00e9pondaient \u00e0 tous les crit\u00e8res pour vivre de mani\u00e8re permanente en Espagne. Plus important encore, ils voulaient un agent immobilier qui pouvait et voulait les guider pleinement en ce qui concerne les obligations l\u00e9gales et administratives pour \u00e9migrer en Espagne de mani\u00e8re permanente. Nous sommes tr\u00e8s heureux d&#8217;avoir pu faire tout cela pour Gilbert et Rita.[\/vc_column_text][\/vc_column][\/vc_row]<\/p>\n<\/section>","protected":false},"excerpt":{"rendered":"<p>[vc_row full_width=&#8221;stretch_row&#8221; gap=&#8221;35&#8243; css=&#8221;.vc_custom_1683046877311{padding-top: 2rem !important;padding-bottom: 2em !important;}&#8221;][vc_column width=&#8221;1\/4&#8243;][\/vc_column][vc_column width=&#8221;1\/2&#8243;][vc_column_text] Que disent nos clients ? [\/vc_column_text][\/vc_column][vc_column width=&#8221;1\/4&#8243;][\/vc_column][\/vc_row][vc_row gap=&#8221;35&#8243; css=&#8221;.vc_custom_1683037153403{padding-top: 2rem !important;padding-bottom: 2rem !important;}&#8221;][vc_column width=&#8221;7\/12&#8243;][vc_column_text] Luc et Ilse Royackers-Melis Ch\u00e8re direction, Je tiens ainsi \u00e0 vous remercier pour votre approche professionnelle et vos conseils lors de l&#8217;achat de la propri\u00e9t\u00e9 dont nous avions convenu en Espagne [&hellip;]<\/p>\n","protected":false},"author":1,"featured_media":0,"parent":0,"menu_order":0,"comment_status":"closed","ping_status":"closed","template":"template\/template-page.php","meta":{"_monsterinsights_skip_tracking":false,"_monsterinsights_sitenote_active":false,"_monsterinsights_sitenote_note":"","_monsterinsights_sitenote_category":0,"footnotes":""},"class_list":["post-90886","page","type-page","status-publish","hentry"],"yoast_head":"<!-- This site is optimized with the Yoast SEO Premium plugin v21.6 (Yoast SEO v27.4) - https:\/\/yoast.com\/product\/yoast-seo-premium-wordpress\/ -->\n<title>Des clients satisfaits - Immo Mediterraneo<\/title>\n<meta name=\"robots\" content=\"index, follow, max-snippet:-1, max-image-preview:large, max-video-preview:-1\" \/>\n<link rel=\"canonical\" href=\"https:\/\/immomediterraneo.immo\/fr\/des-clients-satisfaits\/\" \/>\n<meta property=\"og:locale\" content=\"fr_FR\" \/>\n<meta property=\"og:type\" content=\"article\" \/>\n<meta property=\"og:title\" content=\"Des clients satisfaits\" \/>\n<meta property=\"og:description\" content=\"[vc_row full_width=&#8221;stretch_row&#8221; gap=&#8221;35&#8243; css=&#8221;.vc_custom_1683046877311{padding-top: 2rem !important;padding-bottom: 2em !important;}&#8221;][vc_column width=&#8221;1\/4&#8243;][\/vc_column][vc_column width=&#8221;1\/2&#8243;][vc_column_text] Que disent nos clients ? [\/vc_column_text][\/vc_column][vc_column width=&#8221;1\/4&#8243;][\/vc_column][\/vc_row][vc_row gap=&#8221;35&#8243; css=&#8221;.vc_custom_1683037153403{padding-top: 2rem !important;padding-bottom: 2rem !important;}&#8221;][vc_column width=&#8221;7\/12&#8243;][vc_column_text] Luc et Ilse Royackers-Melis Ch\u00e8re direction, Je tiens ainsi \u00e0 vous remercier pour votre approche professionnelle et vos conseils lors de l&#8217;achat de la propri\u00e9t\u00e9 dont nous avions convenu en Espagne [&hellip;]\" \/>\n<meta property=\"og:url\" content=\"https:\/\/immomediterraneo.immo\/fr\/des-clients-satisfaits\/\" \/>\n<meta property=\"og:site_name\" content=\"Immo Mediterraneo\" \/>\n<meta property=\"article:publisher\" content=\"http:\/\/@immomediterraneo\" \/>\n<meta property=\"article:modified_time\" content=\"2023-05-18T08:30:36+00:00\" \/>\n<meta name=\"twitter:card\" content=\"summary_large_image\" \/>\n<meta name=\"twitter:label1\" content=\"Dur\u00e9e de lecture estim\u00e9e\" \/>\n\t<meta name=\"twitter:data1\" content=\"6 minutes\" \/>\n<script type=\"application\/ld+json\" class=\"yoast-schema-graph\">{\"@context\":\"https:\\\/\\\/schema.org\",\"@graph\":[{\"@type\":\"WebPage\",\"@id\":\"https:\\\/\\\/immomediterraneo.immo\\\/fr\\\/des-clients-satisfaits\\\/\",\"url\":\"https:\\\/\\\/immomediterraneo.immo\\\/fr\\\/des-clients-satisfaits\\\/\",\"name\":\"Des clients satisfaits - Immo Mediterraneo\",\"isPartOf\":{\"@id\":\"https:\\\/\\\/immomediterraneo.immo\\\/fr\\\/nl\\\/#website\"},\"datePublished\":\"2023-05-02T16:13:30+00:00\",\"dateModified\":\"2023-05-18T08:30:36+00:00\",\"breadcrumb\":{\"@id\":\"https:\\\/\\\/immomediterraneo.immo\\\/fr\\\/des-clients-satisfaits\\\/#breadcrumb\"},\"inLanguage\":\"fr-FR\",\"potentialAction\":[{\"@type\":\"ReadAction\",\"target\":[\"https:\\\/\\\/immomediterraneo.immo\\\/fr\\\/des-clients-satisfaits\\\/\"]}]},{\"@type\":\"BreadcrumbList\",\"@id\":\"https:\\\/\\\/immomediterraneo.immo\\\/fr\\\/des-clients-satisfaits\\\/#breadcrumb\",\"itemListElement\":[{\"@type\":\"ListItem\",\"position\":1,\"name\":\"Home\",\"item\":\"https:\\\/\\\/immomediterraneo.immo\\\/fr\\\/?page_id=225715\"},{\"@type\":\"ListItem\",\"position\":2,\"name\":\"Des clients satisfaits\"}]},{\"@type\":\"WebSite\",\"@id\":\"https:\\\/\\\/immomediterraneo.immo\\\/fr\\\/nl\\\/#website\",\"url\":\"https:\\\/\\\/immomediterraneo.immo\\\/fr\\\/nl\\\/\",\"name\":\"Immo Mediterraneo\",\"description\":\"Uw partner aan de Costa Blanca en Costa Calida\",\"potentialAction\":[{\"@type\":\"SearchAction\",\"target\":{\"@type\":\"EntryPoint\",\"urlTemplate\":\"https:\\\/\\\/immomediterraneo.immo\\\/fr\\\/nl\\\/?s={search_term_string}\"},\"query-input\":{\"@type\":\"PropertyValueSpecification\",\"valueRequired\":true,\"valueName\":\"search_term_string\"}}],\"inLanguage\":\"fr-FR\"}]}<\/script>\n<!-- \/ Yoast SEO Premium plugin. -->","yoast_head_json":{"title":"Des clients satisfaits - Immo Mediterraneo","robots":{"index":"index","follow":"follow","max-snippet":"max-snippet:-1","max-image-preview":"max-image-preview:large","max-video-preview":"max-video-preview:-1"},"canonical":"https:\/\/immomediterraneo.immo\/fr\/des-clients-satisfaits\/","og_locale":"fr_FR","og_type":"article","og_title":"Des clients satisfaits","og_description":"[vc_row full_width=&#8221;stretch_row&#8221; gap=&#8221;35&#8243; css=&#8221;.vc_custom_1683046877311{padding-top: 2rem !important;padding-bottom: 2em !important;}&#8221;][vc_column width=&#8221;1\/4&#8243;][\/vc_column][vc_column width=&#8221;1\/2&#8243;][vc_column_text] Que disent nos clients ? [\/vc_column_text][\/vc_column][vc_column width=&#8221;1\/4&#8243;][\/vc_column][\/vc_row][vc_row gap=&#8221;35&#8243; css=&#8221;.vc_custom_1683037153403{padding-top: 2rem !important;padding-bottom: 2rem !important;}&#8221;][vc_column width=&#8221;7\/12&#8243;][vc_column_text] Luc et Ilse Royackers-Melis Ch\u00e8re direction, Je tiens ainsi \u00e0 vous remercier pour votre approche professionnelle et vos conseils lors de l&#8217;achat de la propri\u00e9t\u00e9 dont nous avions convenu en Espagne [&hellip;]","og_url":"https:\/\/immomediterraneo.immo\/fr\/des-clients-satisfaits\/","og_site_name":"Immo Mediterraneo","article_publisher":"http:\/\/@immomediterraneo","article_modified_time":"2023-05-18T08:30:36+00:00","twitter_card":"summary_large_image","twitter_misc":{"Dur\u00e9e de lecture estim\u00e9e":"6 minutes"},"schema":{"@context":"https:\/\/schema.org","@graph":[{"@type":"WebPage","@id":"https:\/\/immomediterraneo.immo\/fr\/des-clients-satisfaits\/","url":"https:\/\/immomediterraneo.immo\/fr\/des-clients-satisfaits\/","name":"Des clients satisfaits - Immo Mediterraneo","isPartOf":{"@id":"https:\/\/immomediterraneo.immo\/fr\/nl\/#website"},"datePublished":"2023-05-02T16:13:30+00:00","dateModified":"2023-05-18T08:30:36+00:00","breadcrumb":{"@id":"https:\/\/immomediterraneo.immo\/fr\/des-clients-satisfaits\/#breadcrumb"},"inLanguage":"fr-FR","potentialAction":[{"@type":"ReadAction","target":["https:\/\/immomediterraneo.immo\/fr\/des-clients-satisfaits\/"]}]},{"@type":"BreadcrumbList","@id":"https:\/\/immomediterraneo.immo\/fr\/des-clients-satisfaits\/#breadcrumb","itemListElement":[{"@type":"ListItem","position":1,"name":"Home","item":"https:\/\/immomediterraneo.immo\/fr\/?page_id=225715"},{"@type":"ListItem","position":2,"name":"Des clients satisfaits"}]},{"@type":"WebSite","@id":"https:\/\/immomediterraneo.immo\/fr\/nl\/#website","url":"https:\/\/immomediterraneo.immo\/fr\/nl\/","name":"Immo Mediterraneo","description":"Uw partner aan de Costa Blanca en Costa Calida","potentialAction":[{"@type":"SearchAction","target":{"@type":"EntryPoint","urlTemplate":"https:\/\/immomediterraneo.immo\/fr\/nl\/?s={search_term_string}"},"query-input":{"@type":"PropertyValueSpecification","valueRequired":true,"valueName":"search_term_string"}}],"inLanguage":"fr-FR"}]}},"_links":{"self":[{"href":"https:\/\/immomediterraneo.immo\/fr\/wp-json\/wp\/v2\/pages\/90886","targetHints":{"allow":["GET"]}}],"collection":[{"href":"https:\/\/immomediterraneo.immo\/fr\/wp-json\/wp\/v2\/pages"}],"about":[{"href":"https:\/\/immomediterraneo.immo\/fr\/wp-json\/wp\/v2\/types\/page"}],"author":[{"embeddable":true,"href":"https:\/\/immomediterraneo.immo\/fr\/wp-json\/wp\/v2\/users\/1"}],"replies":[{"embeddable":true,"href":"https:\/\/immomediterraneo.immo\/fr\/wp-json\/wp\/v2\/comments?post=90886"}],"version-history":[{"count":2,"href":"https:\/\/immomediterraneo.immo\/fr\/wp-json\/wp\/v2\/pages\/90886\/revisions"}],"predecessor-version":[{"id":90888,"href":"https:\/\/immomediterraneo.immo\/fr\/wp-json\/wp\/v2\/pages\/90886\/revisions\/90888"}],"wp:attachment":[{"href":"https:\/\/immomediterraneo.immo\/fr\/wp-json\/wp\/v2\/media?parent=90886"}],"curies":[{"name":"wp","href":"https:\/\/api.w.org\/{rel}","templated":true}]}}